{"id":1709,"date":"2020-11-20T18:49:39","date_gmt":"2020-11-20T18:49:39","guid":{"rendered":"https:\/\/productosrobles.es\/?page_id=1709"},"modified":"2020-12-11T15:34:11","modified_gmt":"2020-12-11T15:34:11","slug":"nous","status":"publish","type":"page","link":"https:\/\/productosrobles.es\/fr\/nous\/","title":{"rendered":"Nous"},"content":{"rendered":"\t\t<div data-elementor-type=\"wp-post\" data-elementor-id=\"1709\" class=\"elementor elementor-1709 elementor-22\" data-elementor-post-type=\"page\">\n\t\t\t\t\t\t<section class=\"elementor-section elementor-top-section elementor-element elementor-element-huy4ujc elementor-section-boxed elementor-section-height-default elementor-section-height-default\" data-id=\"huy4ujc\" data-element_type=\"section\" data-settings=\"{&quot;background_background&quot;:&quot;classic&quot;}\">\n\t\t\t\t\t\t\t<div class=\"elementor-background-overlay\"><\/div>\n\t\t\t\t\t\t\t<div class=\"elementor-container elementor-column-gap-default\">\n\t\t\t\t\t<div class=\"elementor-column elementor-col-100 elementor-top-column elementor-element elementor-element-rrwhbp8\" data-id=\"rrwhbp8\" data-element_type=\"column\">\n\t\t\t<div class=\"elementor-widget-wrap elementor-element-populated\">\n\t\t\t\t\t\t<div class=\"elementor-element elementor-element-fe16d47 elementor-widget elementor-widget-heading\" data-id=\"fe16d47\" data-element_type=\"widget\" data-widget_type=\"heading.default\">\n\t\t\t\t<div class=\"elementor-widget-container\">\n\t\t\t\t\t<h5 class=\"elementor-heading-title elementor-size-default\">Exp\u00e9rience et qualit\u00e9 pour un go\u00fbt unique<\/h5>\t\t\t\t<\/div>\n\t\t\t\t<\/div>\n\t\t\t\t<div class=\"elementor-element elementor-element-326e367 elementor-invisible elementor-widget elementor-widget-heading\" data-id=\"326e367\" data-element_type=\"widget\" data-settings=\"{&quot;_animation&quot;:&quot;fadeInUp&quot;}\" data-widget_type=\"heading.default\">\n\t\t\t\t<div class=\"elementor-widget-container\">\n\t\t\t\t\t<h2 class=\"elementor-heading-title elementor-size-default\">Une huile d'olive unique, au nord de la province d'Almer\u00eda<\/h2>\t\t\t\t<\/div>\n\t\t\t\t<\/div>\n\t\t\t\t<section class=\"elementor-section elementor-inner-section elementor-element elementor-element-845b309 elementor-section-boxed elementor-section-height-default elementor-section-height-default\" data-id=\"845b309\" data-element_type=\"section\">\n\t\t\t\t\t\t<div class=\"elementor-container elementor-column-gap-default\">\n\t\t\t\t\t<div class=\"elementor-column elementor-col-33 elementor-inner-column elementor-element elementor-element-da5f4b6\" data-id=\"da5f4b6\" data-element_type=\"column\">\n\t\t\t<div class=\"elementor-widget-wrap elementor-element-populated\">\n\t\t\t\t\t\t<div class=\"elementor-element elementor-element-0c4109e elementor-widget elementor-widget-text-editor\" data-id=\"0c4109e\" data-element_type=\"widget\" data-widget_type=\"text-editor.default\">\n\t\t\t\t<div class=\"elementor-widget-container\">\n\t\t\t\t\t\t\t\t\t<p>Robles est une entreprise familiale dont l&rsquo;activit\u00e9 principale est la r\u00e9colte des olives dans la province d&rsquo;Almer\u00eda (Andalousie).<\/p>\t\t\t\t\t\t\t\t<\/div>\n\t\t\t\t<\/div>\n\t\t\t\t\t<\/div>\n\t\t<\/div>\n\t\t\t\t<div class=\"elementor-column elementor-col-33 elementor-inner-column elementor-element elementor-element-77217ef\" data-id=\"77217ef\" data-element_type=\"column\">\n\t\t\t<div class=\"elementor-widget-wrap elementor-element-populated\">\n\t\t\t\t\t\t<div class=\"elementor-element elementor-element-314bb55 elementor-widget elementor-widget-text-editor\" data-id=\"314bb55\" data-element_type=\"widget\" data-widget_type=\"text-editor.default\">\n\t\t\t\t<div class=\"elementor-widget-container\">\n\t\t\t\t\t\t\t\t\t<p>Des connaissances acquises au fil des d\u00e9cennies et un produit de qualit\u00e9 lui permettent de pouvoir proposer une gamme d&rsquo;huile d&rsquo;olive extra vierge de haute qualit\u00e9.<\/p>\t\t\t\t\t\t\t\t<\/div>\n\t\t\t\t<\/div>\n\t\t\t\t\t<\/div>\n\t\t<\/div>\n\t\t\t\t<div class=\"elementor-column elementor-col-33 elementor-inner-column elementor-element elementor-element-279b60f\" data-id=\"279b60f\" data-element_type=\"column\">\n\t\t\t<div class=\"elementor-widget-wrap elementor-element-populated\">\n\t\t\t\t\t\t<div class=\"elementor-element elementor-element-5a1b4ae elementor-widget elementor-widget-text-editor\" data-id=\"5a1b4ae\" data-element_type=\"widget\" data-widget_type=\"text-editor.default\">\n\t\t\t\t<div class=\"elementor-widget-container\">\n\t\t\t\t\t\t\t\t\t<p>Robles propose des produits artisanaux, tels que des amandes et de l&rsquo;huile d&rsquo;olive extra vierge conventionnelle et biologique.<\/p>\t\t\t\t\t\t\t\t<\/div>\n\t\t\t\t<\/div>\n\t\t\t\t\t<\/div>\n\t\t<\/div>\n\t\t\t\t\t<\/div>\n\t\t<\/section>\n\t\t\t\t\t<\/div>\n\t\t<\/div>\n\t\t\t\t\t<\/div>\n\t\t<\/section>\n\t\t\t\t<section class=\"elementor-section elementor-top-section elementor-element elementor-element-67e7f16 elementor-section-boxed elementor-section-height-default elementor-section-height-default\" data-id=\"67e7f16\" data-element_type=\"section\" data-settings=\"{&quot;background_background&quot;:&quot;classic&quot;,&quot;background_motion_fx_motion_fx_scrolling&quot;:&quot;yes&quot;,&quot;background_motion_fx_opacity_effect&quot;:&quot;yes&quot;,&quot;background_motion_fx_opacity_direction&quot;:&quot;in-out-in&quot;,&quot;background_motion_fx_opacity_range&quot;:{&quot;unit&quot;:&quot;%&quot;,&quot;size&quot;:&quot;&quot;,&quot;sizes&quot;:{&quot;start&quot;:38,&quot;end&quot;:65}},&quot;background_motion_fx_opacity_level&quot;:{&quot;unit&quot;:&quot;px&quot;,&quot;size&quot;:10,&quot;sizes&quot;:[]},&quot;background_motion_fx_devices&quot;:[&quot;desktop&quot;,&quot;tablet&quot;,&quot;mobile&quot;]}\">\n\t\t\t\t\t\t\t<div class=\"elementor-background-overlay\"><\/div>\n\t\t\t\t\t\t\t<div class=\"elementor-container elementor-column-gap-wider\">\n\t\t\t\t\t<div class=\"elementor-column elementor-col-50 elementor-top-column elementor-element elementor-element-deef920\" data-id=\"deef920\" data-element_type=\"column\">\n\t\t\t<div class=\"elementor-widget-wrap elementor-element-populated\">\n\t\t\t\t\t\t<div class=\"elementor-element elementor-element-bd74524 elementor-widget elementor-widget-heading\" data-id=\"bd74524\" data-element_type=\"widget\" data-widget_type=\"heading.default\">\n\t\t\t\t<div class=\"elementor-widget-container\">\n\t\t\t\t\t<h3 class=\"elementor-heading-title elementor-size-default\">Exp\u00e9rience<\/h3>\t\t\t\t<\/div>\n\t\t\t\t<\/div>\n\t\t\t\t<div class=\"elementor-element elementor-element-eca104b elementor-widget-divider--view-line elementor-widget elementor-widget-divider\" data-id=\"eca104b\" data-element_type=\"widget\" data-widget_type=\"divider.default\">\n\t\t\t\t<div class=\"elementor-widget-container\">\n\t\t\t\t\t\t\t<div class=\"elementor-divider\">\n\t\t\t<span class=\"elementor-divider-separator\">\n\t\t\t\t\t\t<\/span>\n\t\t<\/div>\n\t\t\t\t\t\t<\/div>\n\t\t\t\t<\/div>\n\t\t\t\t<div class=\"elementor-element elementor-element-aa70e9b elementor-widget elementor-widget-text-editor\" data-id=\"aa70e9b\" data-element_type=\"widget\" data-widget_type=\"text-editor.default\">\n\t\t\t\t<div class=\"elementor-widget-container\">\n\t\t\t\t\t\t\t\t\t<p>Une vie consacr\u00e9e aux olives et aux amandes nous donne l&rsquo;exp\u00e9rience n\u00e9cessaire pour produire un produit de tr\u00e8s haute qualit\u00e9.<\/p><p>\u00a0<\/p>\t\t\t\t\t\t\t\t<\/div>\n\t\t\t\t<\/div>\n\t\t\t\t<div class=\"elementor-element elementor-element-fcd666a elementor-widget elementor-widget-heading\" data-id=\"fcd666a\" data-element_type=\"widget\" data-widget_type=\"heading.default\">\n\t\t\t\t<div class=\"elementor-widget-container\">\n\t\t\t\t\t<h3 class=\"elementor-heading-title elementor-size-default\">Techniques avanc\u00e9es<\/h3>\t\t\t\t<\/div>\n\t\t\t\t<\/div>\n\t\t\t\t<div class=\"elementor-element elementor-element-7c18dd5 elementor-widget-divider--view-line elementor-widget elementor-widget-divider\" data-id=\"7c18dd5\" data-element_type=\"widget\" data-widget_type=\"divider.default\">\n\t\t\t\t<div class=\"elementor-widget-container\">\n\t\t\t\t\t\t\t<div class=\"elementor-divider\">\n\t\t\t<span class=\"elementor-divider-separator\">\n\t\t\t\t\t\t<\/span>\n\t\t<\/div>\n\t\t\t\t\t\t<\/div>\n\t\t\t\t<\/div>\n\t\t\t\t<div class=\"elementor-element elementor-element-8340d23 elementor-widget elementor-widget-text-editor\" data-id=\"8340d23\" data-element_type=\"widget\" data-widget_type=\"text-editor.default\">\n\t\t\t\t<div class=\"elementor-widget-container\">\n\t\t\t\t\t\t\t\t\t<p>Nous utilisons les techniques de concassage et d&rsquo;extraction les plus modernes sans augmenter la temp\u00e9rature.<\/p>\t\t\t\t\t\t\t\t<\/div>\n\t\t\t\t<\/div>\n\t\t\t\t\t<\/div>\n\t\t<\/div>\n\t\t\t\t<div class=\"elementor-column elementor-col-50 elementor-top-column elementor-element elementor-element-eee72ff\" data-id=\"eee72ff\" data-element_type=\"column\">\n\t\t\t<div class=\"elementor-widget-wrap elementor-element-populated\">\n\t\t\t\t\t\t<div class=\"elementor-element elementor-element-2524a6b elementor-widget elementor-widget-heading\" data-id=\"2524a6b\" data-element_type=\"widget\" data-widget_type=\"heading.default\">\n\t\t\t\t<div class=\"elementor-widget-container\">\n\t\t\t\t\t<h3 class=\"elementor-heading-title elementor-size-default\">Qualit\u00e9<\/h3>\t\t\t\t<\/div>\n\t\t\t\t<\/div>\n\t\t\t\t<div class=\"elementor-element elementor-element-5d39932 elementor-widget-divider--view-line elementor-widget elementor-widget-divider\" data-id=\"5d39932\" data-element_type=\"widget\" data-widget_type=\"divider.default\">\n\t\t\t\t<div class=\"elementor-widget-container\">\n\t\t\t\t\t\t\t<div class=\"elementor-divider\">\n\t\t\t<span class=\"elementor-divider-separator\">\n\t\t\t\t\t\t<\/span>\n\t\t<\/div>\n\t\t\t\t\t\t<\/div>\n\t\t\t\t<\/div>\n\t\t\t\t<div class=\"elementor-element elementor-element-4abd446 elementor-widget elementor-widget-text-editor\" data-id=\"4abd446\" data-element_type=\"widget\" data-widget_type=\"text-editor.default\">\n\t\t\t\t<div class=\"elementor-widget-container\">\n\t\t\t\t\t\t\t\t\t<p>Nos huiles sont \u00e9labor\u00e9es avec une s\u00e9lection rigoureuse d&rsquo;olives sur l&rsquo;arbre.<\/p><p>\u00a0<\/p><p>\u00a0<\/p>\t\t\t\t\t\t\t\t<\/div>\n\t\t\t\t<\/div>\n\t\t\t\t<div class=\"elementor-element elementor-element-24bda06 elementor-widget elementor-widget-heading\" data-id=\"24bda06\" data-element_type=\"widget\" data-widget_type=\"heading.default\">\n\t\t\t\t<div class=\"elementor-widget-container\">\n\t\t\t\t\t<h3 class=\"elementor-heading-title elementor-size-default\">Saveur unique<\/h3>\t\t\t\t<\/div>\n\t\t\t\t<\/div>\n\t\t\t\t<div class=\"elementor-element elementor-element-2ff6d48 elementor-widget-divider--view-line elementor-widget elementor-widget-divider\" data-id=\"2ff6d48\" data-element_type=\"widget\" data-widget_type=\"divider.default\">\n\t\t\t\t<div class=\"elementor-widget-container\">\n\t\t\t\t\t\t\t<div class=\"elementor-divider\">\n\t\t\t<span class=\"elementor-divider-separator\">\n\t\t\t\t\t\t<\/span>\n\t\t<\/div>\n\t\t\t\t\t\t<\/div>\n\t\t\t\t<\/div>\n\t\t\t\t<div class=\"elementor-element elementor-element-262b025 elementor-widget elementor-widget-text-editor\" data-id=\"262b025\" data-element_type=\"widget\" data-widget_type=\"text-editor.default\">\n\t\t\t\t<div class=\"elementor-widget-container\">\n\t\t\t\t\t\t\t\t\t<p>L&rsquo;union d&rsquo;un produit de qualit\u00e9, cultiv\u00e9 dans une zone privil\u00e9gi\u00e9e de temp\u00e9ratures extr\u00eames, o\u00f9 les oliveraies sont aliment\u00e9es en eau douce provenant des sources naturelles du Mahim\u00f3n, ainsi que nos techniques de fabrication, donnent une saveur unique.<\/p>\t\t\t\t\t\t\t\t<\/div>\n\t\t\t\t<\/div>\n\t\t\t\t\t<\/div>\n\t\t<\/div>\n\t\t\t\t\t<\/div>\n\t\t<\/section>\n\t\t\t\t<section class=\"elementor-section elementor-top-section elementor-element elementor-element-ul03tny elementor-section-content-middle elementor-section-boxed elementor-section-height-default elementor-section-height-default\" data-id=\"ul03tny\" data-element_type=\"section\" data-settings=\"{&quot;background_background&quot;:&quot;classic&quot;}\">\n\t\t\t\t\t\t<div class=\"elementor-container elementor-column-gap-default\">\n\t\t\t\t\t<div class=\"elementor-column elementor-col-100 elementor-top-column elementor-element elementor-element-t8vustg\" data-id=\"t8vustg\" data-element_type=\"column\">\n\t\t\t<div class=\"elementor-widget-wrap elementor-element-populated\">\n\t\t\t\t\t\t<section class=\"elementor-section elementor-inner-section elementor-element elementor-element-e4zfnf5 elementor-section-content-middle elementor-section-boxed elementor-section-height-default elementor-section-height-default\" data-id=\"e4zfnf5\" data-element_type=\"section\">\n\t\t\t\t\t\t<div class=\"elementor-container elementor-column-gap-default\">\n\t\t\t\t\t<div class=\"elementor-column elementor-col-50 elementor-inner-column elementor-element elementor-element-i4wbvx0\" data-id=\"i4wbvx0\" data-element_type=\"column\">\n\t\t\t<div class=\"elementor-widget-wrap elementor-element-populated\">\n\t\t\t\t\t\t<div class=\"elementor-element elementor-element-2fdc37f elementor-widget elementor-widget-heading\" data-id=\"2fdc37f\" data-element_type=\"widget\" data-widget_type=\"heading.default\">\n\t\t\t\t<div class=\"elementor-widget-container\">\n\t\t\t\t\t<h2 class=\"elementor-heading-title elementor-size-default\">R\u00e9gion du V\u00e9lez<\/h2>\t\t\t\t<\/div>\n\t\t\t\t<\/div>\n\t\t\t\t<div class=\"elementor-element elementor-element-ecf1ffc elementor-widget elementor-widget-text-editor\" data-id=\"ecf1ffc\" data-element_type=\"widget\" data-widget_type=\"text-editor.default\">\n\t\t\t\t<div class=\"elementor-widget-container\">\n\t\t\t\t\t\t\t\t\t<p>Los V\u00e9lez est une r\u00e9gion espagnole situ\u00e9e dans la partie nord de la province d&rsquo;Almer\u00eda. Ce territoire borde les r\u00e9gions d&rsquo;Almeria du Levant au sud-est et la vall\u00e9e d&rsquo;Almanzora au sud; avec les r\u00e9gions de Grenade de Baza au sud-ouest et Hu\u00e9scar \u00e0 l&rsquo;ouest; ainsi qu&rsquo;avec le Murcien du Nord-Ouest au nord et l&rsquo;Alto Guadalent\u00edn \u00e0 l&rsquo;est.<\/p><p>Il est compos\u00e9 de quatre communes, dont la plus peupl\u00e9e est V\u00e9lez-Rubio, et la plus grande est V\u00e9lez-Blanco, qui est \u00e0 son tour la deuxi\u00e8me plus grande de toute la province; au contraire, la commune avec le moins d&rsquo;habitants est Mar\u00eda, et celle avec la plus petite superficie est Chirivel.<\/p>\t\t\t\t\t\t\t\t<\/div>\n\t\t\t\t<\/div>\n\t\t\t\t\t<\/div>\n\t\t<\/div>\n\t\t\t\t<div class=\"elementor-column elementor-col-50 elementor-inner-column elementor-element elementor-element-yy5u45w\" data-id=\"yy5u45w\" data-element_type=\"column\">\n\t\t\t<div class=\"elementor-widget-wrap elementor-element-populated\">\n\t\t\t\t\t\t<div class=\"elementor-element elementor-element-rju468n elementor-widget elementor-widget-image\" data-id=\"rju468n\" data-element_type=\"widget\" data-widget_type=\"image.default\">\n\t\t\t\t<div class=\"elementor-widget-container\">\n\t\t\t\t\t\t\t\t\t\t\t\t\t\t\t<img fetchpriority=\"high\" decoding=\"async\" width=\"550\" height=\"390\" src=\"https:\/\/productosrobles.es\/wp-content\/uploads\/2020\/10\/MAPA-DE-ESPAN\u0303A-ROBLES-1.png\" class=\"attachment-full size-full wp-image-1247\" alt=\"\" srcset=\"https:\/\/productosrobles.es\/wp-content\/uploads\/2020\/10\/MAPA-DE-ESPAN\u0303A-ROBLES-1.png 550w, https:\/\/productosrobles.es\/wp-content\/uploads\/2020\/10\/MAPA-DE-ESPAN\u0303A-ROBLES-1-300x213.png 300w\" sizes=\"(max-width: 550px) 100vw, 550px\" \/>\t\t\t\t\t\t\t\t\t\t\t\t\t\t\t<\/div>\n\t\t\t\t<\/div>\n\t\t\t\t\t<\/div>\n\t\t<\/div>\n\t\t\t\t\t<\/div>\n\t\t<\/section>\n\t\t\t\t\t<\/div>\n\t\t<\/div>\n\t\t\t\t\t<\/div>\n\t\t<\/section>\n\t\t\t\t<\/div>\n\t\t","protected":false},"excerpt":{"rendered":"<p>Exp\u00e9rience et qualit\u00e9 pour un go\u00fbt unique Une huile d&rsquo;olive unique, au nord de la province d&rsquo;Almer\u00eda Robles est une entreprise familiale dont l&rsquo;activit\u00e9 principale est la r\u00e9colte des olives dans la province d&rsquo;Almer\u00eda (Andalousie). Des connaissances acquises au fil des d\u00e9cennies et un produit de qualit\u00e9 lui permettent de pouvoir proposer une gamme d&rsquo;huile &hellip;<\/p>\n<p class=\"read-more\"> <a class=\"\" href=\"https:\/\/productosrobles.es\/fr\/nous\/\"> <span class=\"screen-reader-text\">Nous<\/span> Lire la suite\u00a0\u00bb<\/a><\/p>\n","protected":false},"author":1,"featured_media":0,"parent":0,"menu_order":0,"comment_status":"closed","ping_status":"closed","template":"","meta":{"site-sidebar-layout":"no-sidebar","site-content-layout":"page-builder","ast-global-header-display":"","ast-banner-title-visibility":"","ast-main-header-display":"","ast-hfb-above-header-display":"","ast-hfb-below-header-display":"","ast-hfb-mobile-header-display":"","site-post-title":"disabled","ast-breadcrumbs-content":"","ast-featured-img":"disabled","footer-sml-layout":"","theme-transparent-header-meta":"enabled","adv-header-id-meta":"","stick-header-meta":"","header-above-stick-meta":"","header-main-stick-meta":"","header-below-stick-meta":"","footnotes":""},"class_list":["post-1709","page","type-page","status-publish","hentry"],"jetpack_sharing_enabled":true,"_links":{"self":[{"href":"https:\/\/productosrobles.es\/fr\/wp-json\/wp\/v2\/pages\/1709","targetHints":{"allow":["GET"]}}],"collection":[{"href":"https:\/\/productosrobles.es\/fr\/wp-json\/wp\/v2\/pages"}],"about":[{"href":"https:\/\/productosrobles.es\/fr\/wp-json\/wp\/v2\/types\/page"}],"author":[{"embeddable":true,"href":"https:\/\/productosrobles.es\/fr\/wp-json\/wp\/v2\/users\/1"}],"replies":[{"embeddable":true,"href":"https:\/\/productosrobles.es\/fr\/wp-json\/wp\/v2\/comments?post=1709"}],"version-history":[{"count":10,"href":"https:\/\/productosrobles.es\/fr\/wp-json\/wp\/v2\/pages\/1709\/revisions"}],"predecessor-version":[{"id":1854,"href":"https:\/\/productosrobles.es\/fr\/wp-json\/wp\/v2\/pages\/1709\/revisions\/1854"}],"wp:attachment":[{"href":"https:\/\/productosrobles.es\/fr\/wp-json\/wp\/v2\/media?parent=1709"}],"curies":[{"name":"wp","href":"https:\/\/api.w.org\/{rel}","templated":true}]}}