{"id":1717,"date":"2020-11-20T18:59:43","date_gmt":"2020-11-20T18:59:43","guid":{"rendered":"https:\/\/productosrobles.es\/?page_id=1717"},"modified":"2020-11-23T15:04:37","modified_gmt":"2020-11-23T15:04:37","slug":"sante","status":"publish","type":"page","link":"https:\/\/productosrobles.es\/fr\/sante\/","title":{"rendered":"Sant\u00e9"},"content":{"rendered":"\t\t<div data-elementor-type=\"wp-post\" data-elementor-id=\"1717\" class=\"elementor elementor-1717 elementor-26\" data-elementor-post-type=\"page\">\n\t\t\t\t\t\t<section class=\"elementor-section elementor-top-section elementor-element elementor-element-b84d535 elementor-section-full_width elementor-section-height-default elementor-section-height-default\" data-id=\"b84d535\" data-element_type=\"section\" data-settings=\"{&quot;background_background&quot;:&quot;classic&quot;}\">\n\t\t\t\t\t\t\t<div class=\"elementor-background-overlay\"><\/div>\n\t\t\t\t\t\t\t<div class=\"elementor-container elementor-column-gap-default\">\n\t\t\t\t\t<div class=\"elementor-column elementor-col-100 elementor-top-column elementor-element elementor-element-ba8195e\" data-id=\"ba8195e\" data-element_type=\"column\" data-settings=\"{&quot;background_background&quot;:&quot;classic&quot;}\">\n\t\t\t<div class=\"elementor-widget-wrap elementor-element-populated\">\n\t\t\t\t\t<div class=\"elementor-background-overlay\"><\/div>\n\t\t\t\t\t\t<div class=\"elementor-element elementor-element-b944371 elementor-widget elementor-widget-heading\" data-id=\"b944371\" data-element_type=\"widget\" data-widget_type=\"heading.default\">\n\t\t\t\t<div class=\"elementor-widget-container\">\n\t\t\t\t\t<h2 class=\"elementor-heading-title elementor-size-default\">La consommation d'huile d'olive extra vierge et la sant\u00e9<\/h2>\t\t\t\t<\/div>\n\t\t\t\t<\/div>\n\t\t\t\t\t<\/div>\n\t\t<\/div>\n\t\t\t\t\t<\/div>\n\t\t<\/section>\n\t\t\t\t<section class=\"elementor-section elementor-top-section elementor-element elementor-element-b1e4fc7 elementor-section-content-middle elementor-section-boxed elementor-section-height-default elementor-section-height-default\" data-id=\"b1e4fc7\" data-element_type=\"section\">\n\t\t\t\t\t\t\t<div class=\"elementor-background-overlay\"><\/div>\n\t\t\t\t\t\t\t<div class=\"elementor-container elementor-column-gap-no\">\n\t\t\t\t\t<div class=\"elementor-column elementor-col-50 elementor-top-column elementor-element elementor-element-7ce006ee\" data-id=\"7ce006ee\" data-element_type=\"column\">\n\t\t\t<div class=\"elementor-widget-wrap elementor-element-populated\">\n\t\t\t\t\t\t<div class=\"elementor-element elementor-element-70df6a36 elementor-widget elementor-widget-image\" data-id=\"70df6a36\" data-element_type=\"widget\" data-widget_type=\"image.default\">\n\t\t\t\t<div class=\"elementor-widget-container\">\n\t\t\t\t\t\t\t\t\t\t\t\t\t\t\t<img fetchpriority=\"high\" decoding=\"async\" width=\"2048\" height=\"1367\" src=\"https:\/\/productosrobles.es\/wp-content\/uploads\/2020\/11\/AdobeStock_72307252_reducida-2048x1367.jpg\" class=\"attachment-2048x2048 size-2048x2048 wp-image-1646\" alt=\"\" srcset=\"https:\/\/productosrobles.es\/wp-content\/uploads\/2020\/11\/AdobeStock_72307252_reducida-2048x1367.jpg 2048w, https:\/\/productosrobles.es\/wp-content\/uploads\/2020\/11\/AdobeStock_72307252_reducida-scaled-600x400.jpg 600w, https:\/\/productosrobles.es\/wp-content\/uploads\/2020\/11\/AdobeStock_72307252_reducida-300x200.jpg 300w, https:\/\/productosrobles.es\/wp-content\/uploads\/2020\/11\/AdobeStock_72307252_reducida-1024x683.jpg 1024w, https:\/\/productosrobles.es\/wp-content\/uploads\/2020\/11\/AdobeStock_72307252_reducida-768x513.jpg 768w, https:\/\/productosrobles.es\/wp-content\/uploads\/2020\/11\/AdobeStock_72307252_reducida-1536x1025.jpg 1536w\" sizes=\"(max-width: 2048px) 100vw, 2048px\" \/>\t\t\t\t\t\t\t\t\t\t\t\t\t\t\t<\/div>\n\t\t\t\t<\/div>\n\t\t\t\t\t<\/div>\n\t\t<\/div>\n\t\t\t\t<div class=\"elementor-column elementor-col-50 elementor-top-column elementor-element elementor-element-40885184\" data-id=\"40885184\" data-element_type=\"column\">\n\t\t\t<div class=\"elementor-widget-wrap elementor-element-populated\">\n\t\t\t\t\t\t<div class=\"elementor-element elementor-element-51771188 elementor-widget elementor-widget-heading\" data-id=\"51771188\" data-element_type=\"widget\" data-widget_type=\"heading.default\">\n\t\t\t\t<div class=\"elementor-widget-container\">\n\t\t\t\t\t<h2 class=\"elementor-heading-title elementor-size-default\">Avantages de consommer de l'huile d'olive<\/h2>\t\t\t\t<\/div>\n\t\t\t\t<\/div>\n\t\t\t\t<div class=\"elementor-element elementor-element-4be46e33 elementor-position-left elementor-view-default elementor-mobile-position-top elementor-widget elementor-widget-icon-box\" data-id=\"4be46e33\" data-element_type=\"widget\" data-widget_type=\"icon-box.default\">\n\t\t\t\t<div class=\"elementor-widget-container\">\n\t\t\t\t\t\t\t<div class=\"elementor-icon-box-wrapper\">\n\n\t\t\t\t\t\t<div class=\"elementor-icon-box-icon\">\n\t\t\t\t<span  class=\"elementor-icon\">\n\t\t\t\t<i aria-hidden=\"true\" class=\"fas fa-heart\"><\/i>\t\t\t\t<\/span>\n\t\t\t<\/div>\n\t\t\t\n\t\t\t\t\t\t<div class=\"elementor-icon-box-content\">\n\n\t\t\t\t\t\t\t\t\t<h3 class=\"elementor-icon-box-title\">\n\t\t\t\t\t\t<span  >\n\t\t\t\t\t\t\tR\u00e9duit le risque cardiovasculaire\t\t\t\t\t\t<\/span>\n\t\t\t\t\t<\/h3>\n\t\t\t\t\n\t\t\t\t\t\t\t\t\t<p class=\"elementor-icon-box-description\">\n\t\t\t\t\t\tUne \u00e9tude r\u00e9cente de l'Universit\u00e9 Harvard a d\u00e9termin\u00e9 une r\u00e9duction de 30% de la possibilit\u00e9 de souffrir d'\u00e9v\u00e9nements cardiovasculaires.\t\t\t\t\t<\/p>\n\t\t\t\t\n\t\t\t<\/div>\n\t\t\t\n\t\t<\/div>\n\t\t\t\t\t\t<\/div>\n\t\t\t\t<\/div>\n\t\t\t\t<div class=\"elementor-element elementor-element-4d2eca94 elementor-position-left elementor-view-default elementor-mobile-position-top elementor-widget elementor-widget-icon-box\" data-id=\"4d2eca94\" data-element_type=\"widget\" data-widget_type=\"icon-box.default\">\n\t\t\t\t<div class=\"elementor-widget-container\">\n\t\t\t\t\t\t\t<div class=\"elementor-icon-box-wrapper\">\n\n\t\t\t\t\t\t<div class=\"elementor-icon-box-icon\">\n\t\t\t\t<span  class=\"elementor-icon\">\n\t\t\t\t<i aria-hidden=\"true\" class=\"fas fa-star\"><\/i>\t\t\t\t<\/span>\n\t\t\t<\/div>\n\t\t\t\n\t\t\t\t\t\t<div class=\"elementor-icon-box-content\">\n\n\t\t\t\t\t\t\t\t\t<h3 class=\"elementor-icon-box-title\">\n\t\t\t\t\t\t<span  >\n\t\t\t\t\t\t\tR\u00e9duit le risque de diab\u00e8te\t\t\t\t\t\t<\/span>\n\t\t\t\t\t<\/h3>\n\t\t\t\t\n\t\t\t\t\t\t\t\t\t<p class=\"elementor-icon-box-description\">\n\t\t\t\t\t\tLa consommation quotidienne d'huile d'olive extra vierge brute r\u00e9duit les probl\u00e8mes vasculaires d\u00e9riv\u00e9s du diab\u00e8te.\t\t\t\t\t<\/p>\n\t\t\t\t\n\t\t\t<\/div>\n\t\t\t\n\t\t<\/div>\n\t\t\t\t\t\t<\/div>\n\t\t\t\t<\/div>\n\t\t\t\t<div class=\"elementor-element elementor-element-ddd2ac2 elementor-position-left elementor-view-default elementor-mobile-position-top elementor-widget elementor-widget-icon-box\" data-id=\"ddd2ac2\" data-element_type=\"widget\" data-widget_type=\"icon-box.default\">\n\t\t\t\t<div class=\"elementor-widget-container\">\n\t\t\t\t\t\t\t<div class=\"elementor-icon-box-wrapper\">\n\n\t\t\t\t\t\t<div class=\"elementor-icon-box-icon\">\n\t\t\t\t<span  class=\"elementor-icon\">\n\t\t\t\t<i aria-hidden=\"true\" class=\"fas fa-balance-scale\"><\/i>\t\t\t\t<\/span>\n\t\t\t<\/div>\n\t\t\t\n\t\t\t\t\t\t<div class=\"elementor-icon-box-content\">\n\n\t\t\t\t\t\t\t\t\t<h3 class=\"elementor-icon-box-title\">\n\t\t\t\t\t\t<span  >\n\t\t\t\t\t\t\tAide \u00e0 r\u00e9duire le cholest\u00e9rol LDL\t\t\t\t\t\t<\/span>\n\t\t\t\t\t<\/h3>\n\t\t\t\t\n\t\t\t\t\t\t\t\t\t<p class=\"elementor-icon-box-description\">\n\t\t\t\t\t\tL'acide ol\u00e9ique, le principal composant de l'huile d'olive, aide \u00e0 abaisser le cholest\u00e9rol LDL (\u00abmauvais cholest\u00e9rol\u00bb), sans r\u00e9duire les niveaux de HDL (\u00abbon cholest\u00e9rol\u00bb).<br><br>\t\t\t\t\t<\/p>\n\t\t\t\t\n\t\t\t<\/div>\n\t\t\t\n\t\t<\/div>\n\t\t\t\t\t\t<\/div>\n\t\t\t\t<\/div>\n\t\t\t\t\t<\/div>\n\t\t<\/div>\n\t\t\t\t\t<\/div>\n\t\t<\/section>\n\t\t\t\t<section class=\"elementor-section elementor-top-section elementor-element elementor-element-402ab8d7 elementor-section-content-middle elementor-reverse-mobile elementor-section-boxed elementor-section-height-default elementor-section-height-default\" data-id=\"402ab8d7\" data-element_type=\"section\" data-settings=\"{&quot;background_background&quot;:&quot;classic&quot;}\">\n\t\t\t\t\t\t\t<div class=\"elementor-background-overlay\"><\/div>\n\t\t\t\t\t\t\t<div class=\"elementor-container elementor-column-gap-no\">\n\t\t\t\t\t<div class=\"elementor-column elementor-col-50 elementor-top-column elementor-element elementor-element-1bb6b68c\" data-id=\"1bb6b68c\" data-element_type=\"column\">\n\t\t\t<div class=\"elementor-widget-wrap elementor-element-populated\">\n\t\t\t\t\t\t<div class=\"elementor-element elementor-element-6ef68ce4 elementor-widget elementor-widget-heading\" data-id=\"6ef68ce4\" data-element_type=\"widget\" data-widget_type=\"heading.default\">\n\t\t\t\t<div class=\"elementor-widget-container\">\n\t\t\t\t\t<h3 class=\"elementor-heading-title elementor-size-default\">Valeur nutritive de l'huile d'olive<\/h3>\t\t\t\t<\/div>\n\t\t\t\t<\/div>\n\t\t\t\t<div class=\"elementor-element elementor-element-261499ed elementor-widget elementor-widget-text-editor\" data-id=\"261499ed\" data-element_type=\"widget\" data-widget_type=\"text-editor.default\">\n\t\t\t\t<div class=\"elementor-widget-container\">\n\t\t\t\t\t\t\t\t\t<p>Deux secteurs principaux se distinguent dans leur composition, les graisses (98%) et le reste. Parmi les graisses pr\u00e9sentes dans l&rsquo;huile d&rsquo;olive, nous pouvons souligner qu&rsquo;elle contient des acides gras essentiels pour la sant\u00e9.<\/p>\t\t\t\t\t\t\t\t<\/div>\n\t\t\t\t<\/div>\n\t\t\t\t<div class=\"elementor-element elementor-element-7b3e860 elementor-icon-list--layout-traditional elementor-list-item-link-full_width elementor-widget elementor-widget-icon-list\" data-id=\"7b3e860\" data-element_type=\"widget\" data-widget_type=\"icon-list.default\">\n\t\t\t\t<div class=\"elementor-widget-container\">\n\t\t\t\t\t\t\t<ul class=\"elementor-icon-list-items\">\n\t\t\t\t\t\t\t<li class=\"elementor-icon-list-item\">\n\t\t\t\t\t\t\t\t\t\t\t<span class=\"elementor-icon-list-icon\">\n\t\t\t\t\t\t\t<i aria-hidden=\"true\" class=\"fas fa-minus\"><\/i>\t\t\t\t\t\t<\/span>\n\t\t\t\t\t\t\t\t\t\t<span class=\"elementor-icon-list-text\">Les mono-insatur\u00e9s sont l'acide ol\u00e9ique (75%) et l'acide palmitol\u00e9ique (1,5%).<\/span>\n\t\t\t\t\t\t\t\t\t<\/li>\n\t\t\t\t\t\t\t\t<li class=\"elementor-icon-list-item\">\n\t\t\t\t\t\t\t\t\t\t\t<span class=\"elementor-icon-list-icon\">\n\t\t\t\t\t\t\t<i aria-hidden=\"true\" class=\"fas fa-minus\"><\/i>\t\t\t\t\t\t<\/span>\n\t\t\t\t\t\t\t\t\t\t<span class=\"elementor-icon-list-text\">Les satur\u00e9s sont l'acide palmitique et l'acide st\u00e9arique. (entre 10 et 20%)<\/span>\n\t\t\t\t\t\t\t\t\t<\/li>\n\t\t\t\t\t\t\t\t<li class=\"elementor-icon-list-item\">\n\t\t\t\t\t\t\t\t\t\t\t<span class=\"elementor-icon-list-icon\">\n\t\t\t\t\t\t\t<i aria-hidden=\"true\" class=\"fas fa-minus\"><\/i>\t\t\t\t\t\t<\/span>\n\t\t\t\t\t\t\t\t\t\t<span class=\"elementor-icon-list-text\">Les polyinsatur\u00e9s sont l'acide linol\u00e9ique (3 \u00e0 15%) et linol\u00e9nique. (1,5%)<\/span>\n\t\t\t\t\t\t\t\t\t<\/li>\n\t\t\t\t\t\t<\/ul>\n\t\t\t\t\t\t<\/div>\n\t\t\t\t<\/div>\n\t\t\t\t\t<\/div>\n\t\t<\/div>\n\t\t\t\t<div class=\"elementor-column elementor-col-50 elementor-top-column elementor-element elementor-element-a15a9ef\" data-id=\"a15a9ef\" data-element_type=\"column\">\n\t\t\t<div class=\"elementor-widget-wrap elementor-element-populated\">\n\t\t\t\t\t\t<div class=\"elementor-element elementor-element-1bc56aff elementor-widget elementor-widget-image\" data-id=\"1bc56aff\" data-element_type=\"widget\" data-widget_type=\"image.default\">\n\t\t\t\t<div class=\"elementor-widget-container\">\n\t\t\t\t\t\t\t\t\t\t\t\t\t\t\t<img decoding=\"async\" width=\"2560\" height=\"1708\" data-src=\"https:\/\/productosrobles.es\/wp-content\/uploads\/2020\/11\/AdobeStock_137386277_reducida-scaled.jpg\" class=\"attachment-full size-full wp-image-1654 lazyload\" alt=\"\" data-srcset=\"https:\/\/productosrobles.es\/wp-content\/uploads\/2020\/11\/AdobeStock_137386277_reducida-scaled.jpg 2560w, https:\/\/productosrobles.es\/wp-content\/uploads\/2020\/11\/AdobeStock_137386277_reducida-scaled-600x400.jpg 600w, https:\/\/productosrobles.es\/wp-content\/uploads\/2020\/11\/AdobeStock_137386277_reducida-300x200.jpg 300w, https:\/\/productosrobles.es\/wp-content\/uploads\/2020\/11\/AdobeStock_137386277_reducida-1024x683.jpg 1024w, https:\/\/productosrobles.es\/wp-content\/uploads\/2020\/11\/AdobeStock_137386277_reducida-768x513.jpg 768w, https:\/\/productosrobles.es\/wp-content\/uploads\/2020\/11\/AdobeStock_137386277_reducida-1536x1025.jpg 1536w, https:\/\/productosrobles.es\/wp-content\/uploads\/2020\/11\/AdobeStock_137386277_reducida-2048x1367.jpg 2048w\" data-sizes=\"(max-width: 2560px) 100vw, 2560px\" src=\"data:image\/svg+xml;base64,PHN2ZyB3aWR0aD0iMSIgaGVpZ2h0PSIxIiB4bWxucz0iaHR0cDovL3d3dy53My5vcmcvMjAwMC9zdmciPjwvc3ZnPg==\" style=\"--smush-placeholder-width: 2560px; --smush-placeholder-aspect-ratio: 2560\/1708;\" \/>\t\t\t\t\t\t\t\t\t\t\t\t\t\t\t<\/div>\n\t\t\t\t<\/div>\n\t\t\t\t\t<\/div>\n\t\t<\/div>\n\t\t\t\t\t<\/div>\n\t\t<\/section>\n\t\t\t\t<section class=\"elementor-section elementor-top-section elementor-element elementor-element-621da6b5 elementor-section-content-middle elementor-section-boxed elementor-section-height-default elementor-section-height-default\" data-id=\"621da6b5\" data-element_type=\"section\" data-settings=\"{&quot;background_background&quot;:&quot;classic&quot;,&quot;background_motion_fx_motion_fx_scrolling&quot;:&quot;yes&quot;,&quot;background_motion_fx_opacity_effect&quot;:&quot;yes&quot;,&quot;background_motion_fx_opacity_direction&quot;:&quot;out-in-out&quot;,&quot;background_motion_fx_opacity_level&quot;:{&quot;unit&quot;:&quot;px&quot;,&quot;size&quot;:10,&quot;sizes&quot;:[]},&quot;background_motion_fx_opacity_range&quot;:{&quot;unit&quot;:&quot;%&quot;,&quot;size&quot;:&quot;&quot;,&quot;sizes&quot;:{&quot;start&quot;:20,&quot;end&quot;:80}},&quot;background_motion_fx_devices&quot;:[&quot;desktop&quot;,&quot;tablet&quot;,&quot;mobile&quot;]}\">\n\t\t\t\t\t\t\t<div class=\"elementor-background-overlay\"><\/div>\n\t\t\t\t\t\t\t<div class=\"elementor-container elementor-column-gap-no\">\n\t\t\t\t\t<div class=\"elementor-column elementor-col-50 elementor-top-column elementor-element elementor-element-1fed589f\" data-id=\"1fed589f\" data-element_type=\"column\">\n\t\t\t<div class=\"elementor-widget-wrap elementor-element-populated\">\n\t\t\t\t\t\t<div class=\"elementor-element elementor-element-460ac2e7 elementor-widget elementor-widget-heading\" data-id=\"460ac2e7\" data-element_type=\"widget\" data-widget_type=\"heading.default\">\n\t\t\t\t<div class=\"elementor-widget-container\">\n\t\t\t\t\t<h3 class=\"elementor-heading-title elementor-size-default\">Di\u00e8te m\u00e9diterran\u00e9enne<\/h3>\t\t\t\t<\/div>\n\t\t\t\t<\/div>\n\t\t\t\t<div class=\"elementor-element elementor-element-379234e8 elementor-widget elementor-widget-image\" data-id=\"379234e8\" data-element_type=\"widget\" data-widget_type=\"image.default\">\n\t\t\t\t<div class=\"elementor-widget-container\">\n\t\t\t\t\t\t\t\t\t\t\t\t\t\t\t<img decoding=\"async\" width=\"1024\" height=\"365\" data-src=\"https:\/\/productosrobles.es\/wp-content\/uploads\/2020\/11\/AdobeStock_201260153_reducida-1024x365.jpg\" class=\"elementor-animation-grow attachment-large size-large wp-image-1501 lazyload\" alt=\"\" data-srcset=\"https:\/\/productosrobles.es\/wp-content\/uploads\/2020\/11\/AdobeStock_201260153_reducida-1024x365.jpg 1024w, https:\/\/productosrobles.es\/wp-content\/uploads\/2020\/11\/AdobeStock_201260153_reducida-300x107.jpg 300w, https:\/\/productosrobles.es\/wp-content\/uploads\/2020\/11\/AdobeStock_201260153_reducida-768x274.jpg 768w, https:\/\/productosrobles.es\/wp-content\/uploads\/2020\/11\/AdobeStock_201260153_reducida-1536x547.jpg 1536w, https:\/\/productosrobles.es\/wp-content\/uploads\/2020\/11\/AdobeStock_201260153_reducida-2048x730.jpg 2048w\" data-sizes=\"(max-width: 1024px) 100vw, 1024px\" src=\"data:image\/svg+xml;base64,PHN2ZyB3aWR0aD0iMSIgaGVpZ2h0PSIxIiB4bWxucz0iaHR0cDovL3d3dy53My5vcmcvMjAwMC9zdmciPjwvc3ZnPg==\" style=\"--smush-placeholder-width: 1024px; --smush-placeholder-aspect-ratio: 1024\/365;\" \/>\t\t\t\t\t\t\t\t\t\t\t\t\t\t\t<\/div>\n\t\t\t\t<\/div>\n\t\t\t\t<section class=\"elementor-section elementor-inner-section elementor-element elementor-element-35c1509 elementor-section-boxed elementor-section-height-default elementor-section-height-default\" data-id=\"35c1509\" data-element_type=\"section\">\n\t\t\t\t\t\t<div class=\"elementor-container elementor-column-gap-default\">\n\t\t\t\t\t<div class=\"elementor-column elementor-col-100 elementor-inner-column elementor-element elementor-element-d23b5f4\" data-id=\"d23b5f4\" data-element_type=\"column\">\n\t\t\t<div class=\"elementor-widget-wrap elementor-element-populated\">\n\t\t\t\t\t\t<div class=\"elementor-element elementor-element-e4ec09a elementor-widget elementor-widget-text-editor\" data-id=\"e4ec09a\" data-element_type=\"widget\" data-widget_type=\"text-editor.default\">\n\t\t\t\t<div class=\"elementor-widget-container\">\n\t\t\t\t\t\t\t\t\t<p>Il existe diff\u00e9rents types d&rsquo;huiles, ce sont le mode d&rsquo;extraction ou de production. L&rsquo;huile la plus appr\u00e9c\u00e9e est l&rsquo;huile d&rsquo;olive extra vierge (en particulier biologique).<\/p>\t\t\t\t\t\t\t\t<\/div>\n\t\t\t\t<\/div>\n\t\t\t\t\t<\/div>\n\t\t<\/div>\n\t\t\t\t\t<\/div>\n\t\t<\/section>\n\t\t\t\t\t<\/div>\n\t\t<\/div>\n\t\t\t\t<div class=\"elementor-column elementor-col-50 elementor-top-column elementor-element elementor-element-78603042\" data-id=\"78603042\" data-element_type=\"column\">\n\t\t\t<div class=\"elementor-widget-wrap elementor-element-populated\">\n\t\t\t\t\t\t<div class=\"elementor-element elementor-element-f2fbe0d elementor-widget elementor-widget-image\" data-id=\"f2fbe0d\" data-element_type=\"widget\" data-widget_type=\"image.default\">\n\t\t\t\t<div class=\"elementor-widget-container\">\n\t\t\t\t\t\t\t\t\t\t\t\t\t\t\t<img decoding=\"async\" width=\"1024\" height=\"660\" data-src=\"https:\/\/productosrobles.es\/wp-content\/uploads\/2020\/11\/AdobeStock_111774535_reducida-1024x660.jpg\" class=\"elementor-animation-grow attachment-large size-large wp-image-1659 lazyload\" alt=\"\" data-srcset=\"https:\/\/productosrobles.es\/wp-content\/uploads\/2020\/11\/AdobeStock_111774535_reducida-1024x660.jpg 1024w, https:\/\/productosrobles.es\/wp-content\/uploads\/2020\/11\/AdobeStock_111774535_reducida-600x387.jpg 600w, https:\/\/productosrobles.es\/wp-content\/uploads\/2020\/11\/AdobeStock_111774535_reducida-300x194.jpg 300w, https:\/\/productosrobles.es\/wp-content\/uploads\/2020\/11\/AdobeStock_111774535_reducida-768x495.jpg 768w, https:\/\/productosrobles.es\/wp-content\/uploads\/2020\/11\/AdobeStock_111774535_reducida-1536x991.jpg 1536w, https:\/\/productosrobles.es\/wp-content\/uploads\/2020\/11\/AdobeStock_111774535_reducida.jpg 2000w\" data-sizes=\"(max-width: 1024px) 100vw, 1024px\" src=\"data:image\/svg+xml;base64,PHN2ZyB3aWR0aD0iMSIgaGVpZ2h0PSIxIiB4bWxucz0iaHR0cDovL3d3dy53My5vcmcvMjAwMC9zdmciPjwvc3ZnPg==\" style=\"--smush-placeholder-width: 1024px; --smush-placeholder-aspect-ratio: 1024\/660;\" \/>\t\t\t\t\t\t\t\t\t\t\t\t\t\t\t<\/div>\n\t\t\t\t<\/div>\n\t\t\t\t<div class=\"elementor-element elementor-element-3ae776e0 elementor-widget elementor-widget-text-editor\" data-id=\"3ae776e0\" data-element_type=\"widget\" data-widget_type=\"text-editor.default\">\n\t\t\t\t<div class=\"elementor-widget-container\">\n\t\t\t\t\t\t\t\t\t<p>L&rsquo;huile d&rsquo;olive est l&rsquo;un des \u00e9l\u00e9ments les plus importants d&rsquo;un r\u00e9gime m\u00e9diterran\u00e9en sain<\/p>\t\t\t\t\t\t\t\t<\/div>\n\t\t\t\t<\/div>\n\t\t\t\t\t<\/div>\n\t\t<\/div>\n\t\t\t\t\t<\/div>\n\t\t<\/section>\n\t\t\t\t<\/div>\n\t\t","protected":false},"excerpt":{"rendered":"<p>La consommation d&rsquo;huile d&rsquo;olive extra vierge et la sant\u00e9 Avantages de consommer de l&rsquo;huile d&rsquo;olive R\u00e9duit le risque cardiovasculaire Une \u00e9tude r\u00e9cente de l&rsquo;Universit\u00e9 Harvard a d\u00e9termin\u00e9 une r\u00e9duction de 30% de la possibilit\u00e9 de souffrir d&rsquo;\u00e9v\u00e9nements cardiovasculaires. R\u00e9duit le risque de diab\u00e8te La consommation quotidienne d&rsquo;huile d&rsquo;olive extra vierge brute r\u00e9duit les probl\u00e8mes vasculaires &hellip;<\/p>\n<p class=\"read-more\"> <a class=\"\" href=\"https:\/\/productosrobles.es\/fr\/sante\/\"> <span class=\"screen-reader-text\">Sant\u00e9<\/span> Lire la suite\u00a0\u00bb<\/a><\/p>\n","protected":false},"author":1,"featured_media":0,"parent":0,"menu_order":0,"comment_status":"closed","ping_status":"closed","template":"","meta":{"site-sidebar-layout":"no-sidebar","site-content-layout":"page-builder","ast-global-header-display":"","ast-banner-title-visibility":"","ast-main-header-display":"","ast-hfb-above-header-display":"","ast-hfb-below-header-display":"","ast-hfb-mobile-header-display":"","site-post-title":"disabled","ast-breadcrumbs-content":"","ast-featured-img":"disabled","footer-sml-layout":"","theme-transparent-header-meta":"enabled","adv-header-id-meta":"","stick-header-meta":"","header-above-stick-meta":"","header-main-stick-meta":"","header-below-stick-meta":"","footnotes":""},"class_list":["post-1717","page","type-page","status-publish","hentry"],"jetpack_sharing_enabled":true,"_links":{"self":[{"href":"https:\/\/productosrobles.es\/fr\/wp-json\/wp\/v2\/pages\/1717","targetHints":{"allow":["GET"]}}],"collection":[{"href":"https:\/\/productosrobles.es\/fr\/wp-json\/wp\/v2\/pages"}],"about":[{"href":"https:\/\/productosrobles.es\/fr\/wp-json\/wp\/v2\/types\/page"}],"author":[{"embeddable":true,"href":"https:\/\/productosrobles.es\/fr\/wp-json\/wp\/v2\/users\/1"}],"replies":[{"embeddable":true,"href":"https:\/\/productosrobles.es\/fr\/wp-json\/wp\/v2\/comments?post=1717"}],"version-history":[{"count":5,"href":"https:\/\/productosrobles.es\/fr\/wp-json\/wp\/v2\/pages\/1717\/revisions"}],"predecessor-version":[{"id":1748,"href":"https:\/\/productosrobles.es\/fr\/wp-json\/wp\/v2\/pages\/1717\/revisions\/1748"}],"wp:attachment":[{"href":"https:\/\/productosrobles.es\/fr\/wp-json\/wp\/v2\/media?parent=1717"}],"curies":[{"name":"wp","href":"https:\/\/api.w.org\/{rel}","templated":true}]}}