{"id":1943,"date":"2021-08-10T15:35:19","date_gmt":"2021-08-10T15:35:19","guid":{"rendered":"https:\/\/productosrobles.es\/?page_id=1943"},"modified":"2021-08-10T16:32:00","modified_gmt":"2021-08-10T16:32:00","slug":"mentions-legales","status":"publish","type":"page","link":"https:\/\/productosrobles.es\/fr\/mentions-legales\/","title":{"rendered":"Mentions l\u00e9gales"},"content":{"rendered":"\n<h1 class=\"wp-block-heading\">AVISO LEGAL<\/h1>\n\n\n\n<h1 class=\"wp-block-heading\">AVISO LEGAL<\/h1>\n\n\n\n<h2 class=\"wp-block-heading\">Identification et propri\u00e9t\u00e9<\/h2>\n\n\n\n<p>En Conform\u00e9ment \u00e0 l&rsquo;article 10 de la loi 34\/2002 du 11 juillet sur les services de la soci\u00e9t\u00e9 de l&rsquo;information et du commerce \u00e9lectronique, le titulaire pr\u00e9sente ses donn\u00e9es d&rsquo;identification\u00a0:<\/p>\n\n\n\n<ul class=\"wp-block-list\"><li><strong>Propri\u00e9taire :<\/strong>\u00a0 ALMENDRAS Y ACEITUNAS ROBLES S.L..<\/li><li><strong>NIF:<\/strong>\u00a0E04732384<\/li><li><strong>Adresse<\/strong>\u00a0 Montailon s\/n\u00ba Vel\u00e9z Blanco, Almer\u00eda &#8211; Espa\u00f1a.<\/li><li><strong>Mail:<\/strong>\u00a0 info@productosrobles.es<\/li><li><strong>Site Web:<\/strong>\u00a0\u00a0<a href=\"https:\/\/productosrobles.es\/fr\/\">https:\/\/productosrobles.es<\/a><\/li><\/ul>\n\n\n\n<h2 class=\"wp-block-heading\">Objectif<\/h2>\n\n\n\n<p>Le Site a pour objet : Site de la soci\u00e9t\u00e9 Oils and Almonds Robles.<\/p>\n\n\n\n<h2 class=\"wp-block-heading\">Condition d&rsquo;utilisation<\/h2>\n\n\n\n<p>L&rsquo;utilisation du Site Internet vous conf\u00e8re la condition d&rsquo;Utilisateur, et implique l&rsquo;acceptation pleine et enti\u00e8re de toutes les clauses et conditions d&rsquo;utilisation figurant dans les pages :<\/p>\n\n\n\n<ul class=\"wp-block-list\"><li><a href=\"https:\/\/productosrobles.es\/fr\/mentions-legales\/\"><\/a><a href=\"https:\/\/productosrobles.es\/wp-admin\/post.php?post=1943&amp;action=edit\">Mentions l\u00e9gales<\/a><\/li><li><a href=\"https:\/\/productosrobles.es\/fr\/politique-de-confidentialite\/\"><a href=\"https:\/\/productosrobles.es\/wp-admin\/post.php?post=1946&amp;action=edit\">Politique de confidentialit\u00e9<\/a><\/a><\/li><li><a href=\"https:\/\/productosrobles.es\/fr\/politique-de-cookies\/\">Pol\u00edtique de Cookies<\/a><\/li><\/ul>\n\n\n\n<p>Si vous n&rsquo;\u00eates pas satisfait de chacune de ces clauses et conditions, abstenez-vous d&rsquo;utiliser le site Web.<\/p>\n\n\n\n<p>L&rsquo;acc\u00e8s au Site n&rsquo;implique en aucun cas le d\u00e9but d&rsquo;une relation commerciale avec le Propri\u00e9taire.<\/p>\n\n\n\n<p>\u00c0 travers le site Web, le propri\u00e9taire facilite l&rsquo;acc\u00e8s et l&rsquo;utilisation de divers contenus que le propri\u00e9taire et \/ ou ses collaborateurs ont publi\u00e9s via Internet.<\/p>\n\n\n\n<p>\u00c0 cette fin, vous \u00eates oblig\u00e9 et engag\u00e9 \u00e0 NE PAS utiliser le contenu du site Web \u00e0 des fins ou effets ill\u00e9gaux, interdits dans le pr\u00e9sent avis juridique ou par la l\u00e9gislation en vigueur, pr\u00e9judiciable aux droits et int\u00e9r\u00eats de tiers, ou que de quelque mani\u00e8re que ce soit peut endommager, d\u00e9sactiver, surcharger, d\u00e9t\u00e9riorer ou emp\u00eacher l&rsquo;utilisation normale des contenus, \u00e9quipements ou documents informatiques, fichiers et toutes sortes de contenus stock\u00e9s sur tout \u00e9quipement informatique d\u00e9tenu ou contract\u00e9 par le Propri\u00e9taire, d&rsquo;autres utilisateurs ou tout internaute.<\/p>\n\n\n\n<h2 class=\"wp-block-heading\">Mesure de s\u00e9curit\u00e9<\/h2>\n\n\n\n<p>Les donn\u00e9es personnelles que vous fournissez au Propri\u00e9taire peuvent \u00eatre stock\u00e9es ou non dans des bases de donn\u00e9es automatis\u00e9es, dont la propri\u00e9t\u00e9 appartient exclusivement au Propri\u00e9taire, qui assume toutes les mesures techniques, organisationnelles et de s\u00e9curit\u00e9 garantissant la confidentialit\u00e9, l&rsquo;int\u00e9grit\u00e9 et la qualit\u00e9 des informations qui y sont contenues. conform\u00e9ment aux dispositions de la r\u00e9glementation en vigueur sur la protection des donn\u00e9es.<\/p>\n\n\n\n<p>Cependant, vous devez \u00eatre conscient que les mesures de s\u00e9curit\u00e9 des syst\u00e8mes informatiques sur Internet ne sont pas enti\u00e8rement fiables et que, par cons\u00e9quent, le Propri\u00e9taire ne peut garantir l&rsquo;absence de virus ou d&rsquo;autres \u00e9l\u00e9ments pouvant entra\u00eener des alt\u00e9rations des syst\u00e8mes informatiques (logiciels et mat\u00e9riels) du Utilisateur ou dans leurs documents et fichiers \u00e9lectroniques qui y sont contenus, bien que le Propri\u00e9taire mette tous les moyens n\u00e9cessaires et prenne les mesures de s\u00e9curit\u00e9 appropri\u00e9es pour \u00e9viter la pr\u00e9sence de ces \u00e9l\u00e9ments nuisibles.<\/p>\n\n\n\n<h2 class=\"wp-block-heading\">Traitement des donn\u00e9es personnelles<\/h2>\n\n\n\n<p>Vous pouvez consulter toutes les informations concernant le traitement des donn\u00e9es personnelles que le Propri\u00e9taire collecte sur la page Politique de confidentialit\u00e9.<\/p>\n\n\n\n<h2 class=\"wp-block-heading\">Contenu<\/h2>\n\n\n\n<p>Le Propri\u00e9taire a obtenu les informations, le contenu multim\u00e9dia et les mat\u00e9riaux inclus dans le site Web de sources qu&rsquo;il consid\u00e8re fiables, mais, bien qu&rsquo;il ait pris toutes les mesures raisonnables pour s&rsquo;assurer que les informations contenues sont correctes, le Propri\u00e9taire ne garantit pas qu&rsquo;elles soient exactes. , compl\u00e9t\u00e9s ou mis \u00e0 jour. Le Propri\u00e9taire d\u00e9cline express\u00e9ment toute responsabilit\u00e9 pour les erreurs ou omissions dans les informations contenues dans les pages du Site.<\/p>\n\n\n\n<p>Il est interdit de transmettre ou d&rsquo;envoyer via le site Web tout contenu ill\u00e9gal ou illicite, virus informatiques ou messages qui, en g\u00e9n\u00e9ral, affectent ou violent les droits du propri\u00e9taire ou de tiers.<\/p>\n\n\n\n<p>Les contenus du Site sont purement informatifs et ne doivent en aucun cas \u00eatre utilis\u00e9s ou consid\u00e9r\u00e9s comme une offre de vente, une demande d&rsquo;offre d&rsquo;achat ou une recommandation pour effectuer toute autre op\u00e9ration, sauf indication expresse.<\/p>\n\n\n\n<p>Le Propri\u00e9taire se r\u00e9serve le droit de modifier, suspendre, annuler ou restreindre le contenu du Site Web, les liens ou les informations obtenues via le Site Web, sans qu&rsquo;il soit besoin de pr\u00e9avis.<\/p>\n\n\n\n<p>Le propri\u00e9taire n&rsquo;est pas responsable des dommages pouvant d\u00e9couler de l&rsquo;utilisation des informations sur le site Web.<\/p>\n\n\n\n<h2 class=\"wp-block-heading\">Politique de cookies<\/h2>\n\n\n\n<p>Vous pouvez consulter toutes les informations concernant la politique de collecte et de traitement des cookies sur la page\u00a0<a href=\"https:\/\/productosrobles.es\/fr\/politique-de-cookies\/\">Politique de Cookies<\/a>.<\/p>\n\n\n\n<h2 class=\"wp-block-heading\">Liens vers d&rsquo;autres sites<\/h2>\n\n\n\n<p>Le Propri\u00e9taire peut vous fournir un acc\u00e8s \u00e0 des sites Web tiers par le biais de liens dans le seul but d&rsquo;informer de l&rsquo;existence d&rsquo;autres sources d&rsquo;information sur Internet dans lesquelles vous pouvez \u00e9tendre les donn\u00e9es propos\u00e9es sur le Site Web.<\/p>\n\n\n\n<p>Ces liens vers d&rsquo;autres sites Web ne supposent en aucun cas une suggestion ou une recommandation pour vous de visiter les pages Web de destination, qui \u00e9chappent au contr\u00f4le du propri\u00e9taire, de sorte que le propri\u00e9taire n&rsquo;est pas responsable du contenu des sites Web li\u00e9s ou du r\u00e9sultat. vous obtenez en suivant les liens. De m\u00eame, le Propri\u00e9taire n&rsquo;est pas responsable des liens situ\u00e9s sur les sites Web li\u00e9s auxquels il donne acc\u00e8s.<\/p>\n\n\n\n<p>L&rsquo;\u00e9tablissement du lien n&rsquo;implique en aucun cas l&rsquo;existence de relations entre le Propri\u00e9taire et le propri\u00e9taire du site o\u00f9 le lien est \u00e9tabli, ni l&rsquo;acceptation ou l&rsquo;approbation par le Propri\u00e9taire de ses contenus ou services.<\/p>\n\n\n\n<p>Si vous acc\u00e9dez \u00e0 un site Web externe \u00e0 partir d&rsquo;un lien trouv\u00e9 sur le site Web, vous devez lire la politique de confidentialit\u00e9 de l&rsquo;autre site Web, qui peut \u00eatre diff\u00e9rente de celle de ce site Web.<\/p>\n\n\n\n<h2 class=\"wp-block-heading\">Propri\u00e9t\u00e9 intellectuelle et industrielle<\/h2>\n\n\n\n<p>Tous les droits sont r\u00e9serv\u00e9s.<\/p>\n\n\n\n<p>Tout acc\u00e8s \u00e0 ce site Web est soumis aux conditions suivantes : la reproduction, le stockage permanent et la diffusion du contenu ou toute autre utilisation \u00e0 des fins publiques ou commerciales sont express\u00e9ment interdites sans le consentement \u00e9crit pr\u00e9alable expr\u00e8s du propri\u00e9taire.<\/p>\n\n\n\n<h2 class=\"wp-block-heading\">Limitation de responsabilit\u00e9<\/h2>\n\n\n\n<p>Les informations et services inclus ou disponibles via le site Web peuvent inclure des inexactitudes ou des erreurs typographiques. P\u00e9riodiquement, le Propri\u00e9taire int\u00e8gre des am\u00e9liorations et\/ou des modifications aux informations contenues et\/ou aux Services qu&rsquo;il peut introduire \u00e0 tout moment.<\/p>\n\n\n\n<p>Le Propri\u00e9taire ne d\u00e9clare ni ne garantit que les services ou contenus seront interrompus ou qu&rsquo;ils sont exempts d&rsquo;erreurs, que les d\u00e9fauts seront corrig\u00e9s, ou que le service ou le serveur qui le met \u00e0 disposition sont exempts de virus ou d&rsquo;autres composants nuisibles sans pr\u00e9judice du fait que Le Propri\u00e9taire met tout en \u0153uvre pour \u00e9viter ce type d&rsquo;incident.<\/p>\n\n\n\n<p>Le Propri\u00e9taire d\u00e9cline toute responsabilit\u00e9 en cas d&rsquo;interruptions ou de dysfonctionnement des Services ou contenus propos\u00e9s sur Internet, quelle qu&rsquo;en soit la cause. De m\u00eame, le Propri\u00e9taire n&rsquo;est pas responsable des pannes de r\u00e9seau, des pertes commerciales r\u00e9sultant de ces chutes, des pannes de courant temporaires ou de tout autre type de dommages indirects pouvant \u00eatre caus\u00e9s par des causes ind\u00e9pendantes de la volont\u00e9 du Propri\u00e9taire.<\/p>\n\n\n\n<p>Avant de prendre des d\u00e9cisions et \/ ou des actions sur la base des informations incluses sur le site Web, le propri\u00e9taire recommande de v\u00e9rifier et de comparer les informations re\u00e7ues avec d&rsquo;autres sources.<\/p>\n\n\n\n<h2 class=\"wp-block-heading\">Juridiction<\/h2>\n\n\n\n<p>EsCet avis juridique est enti\u00e8rement r\u00e9gi par la loi espagnole.<\/p>\n\n\n\n<h2 class=\"wp-block-heading\">Contact<\/h2>\n\n\n\n<p>En cSi vous avez des questions sur les pr\u00e9sentes mentions l\u00e9gales ou si vous souhaitez faire des commentaires sur le site Web, vous pouvez envoyer un e-mail \u00e0 l&rsquo;adresse : info@productosrobles.es<\/p>\n","protected":false},"excerpt":{"rendered":"<p>AVISO LEGAL AVISO LEGAL Identification et propri\u00e9t\u00e9 En Conform\u00e9ment \u00e0 l&rsquo;article 10 de la loi 34\/2002 du 11 juillet sur les services de la soci\u00e9t\u00e9 de l&rsquo;information et du commerce \u00e9lectronique, le titulaire pr\u00e9sente ses donn\u00e9es d&rsquo;identification\u00a0: Propri\u00e9taire :\u00a0 ALMENDRAS Y ACEITUNAS ROBLES S.L.. NIF:\u00a0E04732384 Adresse\u00a0 Montailon s\/n\u00ba Vel\u00e9z Blanco, Almer\u00eda &#8211; Espa\u00f1a. Mail:\u00a0 info@productosrobles.es &hellip;<\/p>\n<p class=\"read-more\"> <a class=\"\" href=\"https:\/\/productosrobles.es\/fr\/mentions-legales\/\"> <span class=\"screen-reader-text\">Mentions l\u00e9gales<\/span> Lire la suite\u00a0\u00bb<\/a><\/p>\n","protected":false},"author":1,"featured_media":0,"parent":0,"menu_order":0,"comment_status":"closed","ping_status":"closed","template":"","meta":{"site-sidebar-layout":"default","site-content-layout":"default","ast-global-header-display":"","ast-banner-title-visibility":"","ast-main-header-display":"","ast-hfb-above-header-display":"","ast-hfb-below-header-display":"","ast-hfb-mobile-header-display":"","site-post-title":"","ast-breadcrumbs-content":"","ast-featured-img":"","footer-sml-layout":"","theme-transparent-header-meta":"default","adv-header-id-meta":"","stick-header-meta":"","header-above-stick-meta":"","header-main-stick-meta":"","header-below-stick-meta":"","footnotes":""},"class_list":["post-1943","page","type-page","status-publish","hentry"],"jetpack_sharing_enabled":true,"_links":{"self":[{"href":"https:\/\/productosrobles.es\/fr\/wp-json\/wp\/v2\/pages\/1943","targetHints":{"allow":["GET"]}}],"collection":[{"href":"https:\/\/productosrobles.es\/fr\/wp-json\/wp\/v2\/pages"}],"about":[{"href":"https:\/\/productosrobles.es\/fr\/wp-json\/wp\/v2\/types\/page"}],"author":[{"embeddable":true,"href":"https:\/\/productosrobles.es\/fr\/wp-json\/wp\/v2\/users\/1"}],"replies":[{"embeddable":true,"href":"https:\/\/productosrobles.es\/fr\/wp-json\/wp\/v2\/comments?post=1943"}],"version-history":[{"count":5,"href":"https:\/\/productosrobles.es\/fr\/wp-json\/wp\/v2\/pages\/1943\/revisions"}],"predecessor-version":[{"id":1963,"href":"https:\/\/productosrobles.es\/fr\/wp-json\/wp\/v2\/pages\/1943\/revisions\/1963"}],"wp:attachment":[{"href":"https:\/\/productosrobles.es\/fr\/wp-json\/wp\/v2\/media?parent=1943"}],"curies":[{"name":"wp","href":"https:\/\/api.w.org\/{rel}","templated":true}]}}