{"id":1946,"date":"2021-08-10T15:50:52","date_gmt":"2021-08-10T15:50:52","guid":{"rendered":"https:\/\/productosrobles.es\/?page_id=1946"},"modified":"2021-08-10T16:20:54","modified_gmt":"2021-08-10T16:20:54","slug":"politique-de-confidentialite","status":"publish","type":"page","link":"https:\/\/productosrobles.es\/fr\/politique-de-confidentialite\/","title":{"rendered":"Politique de confidentialit\u00e9"},"content":{"rendered":"\n<p>Le propri\u00e9taire vous informe de sa politique de confidentialit\u00e9 concernant le traitement et la protection des donn\u00e9es personnelles des utilisateurs qui peuvent \u00eatre collect\u00e9es lors de la navigation sur le site Web:\u00a0<a href=\"https:\/\/productosrobles.es\/fr\/politique-de-confidentialite\/\">https:\/\/productosrobles.es<\/a><\/p>\n\n\n\n<p>En ce sens, le Titulaire garantit le respect de la r\u00e9glementation en vigueur sur la protection des donn\u00e9es personnelles, refl\u00e9t\u00e9e dans la loi organique 3\/2018, du 5 d\u00e9cembre, sur la protection des donn\u00e9es personnelles et la garantie des droits num\u00e9riques (LOPD GDD). Il est \u00e9galement conforme au R\u00e8glement (UE) 2016\/679 du Parlement europ\u00e9en et du Conseil du 27 avril 2016 relatif \u00e0 la protection des personnes physiques (RGPD).<\/p>\n\n\n\n<p>L&rsquo;utilisation du site Web implique l&rsquo;acceptation de la pr\u00e9sente politique de confidentialit\u00e9 ainsi que des conditions incluses dans les <a href=\"https:\/\/productosrobles.es\/fr\/mentions-legales\/\">mentions l\u00e9gales<\/a>.<\/p>\n\n\n\n<h2 class=\"wp-block-heading\">Identit\u00e9 responsable<\/h2>\n\n\n\n<ul class=\"wp-block-list\"><li><strong>Responsable:<\/strong>\u00a0 ALMENDRAS Y ACEITUNAS ROBLES S.L..<\/li><li><strong>NIF:<\/strong>\u00a0E04732384<\/li><li><strong>Adresse :<\/strong>\u00a0 Montailon s\/n\u00ba Vel\u00e9z Blanco, Almer\u00eda &#8211; Espa\u00f1a.<\/li><li><strong>Mail:<\/strong>\u00a0 info@productosrobles.es<\/li><li><strong>Site Web:<\/strong>\u00a0\u00a0<a href=\"https:\/\/productosrobles.es\/fr\/politique-de-confidentialite\/\">https:\/\/productosrobles.es<\/a><\/li><\/ul>\n\n\n\n<h2 class=\"wp-block-heading\">Principes appliqu\u00e9s au traitement des donn\u00e9es<\/h2>\n\n\n\n<p>Dans le traitement de vos donn\u00e9es personnelles, le Titulaire appliquera les principes suivants conformes aux exigences du nouveau r\u00e8glement europ\u00e9en sur la protection des donn\u00e9es (RGPD) :<\/p>\n\n\n\n<ul class=\"wp-block-list\"><li>Principe de l\u00e9galit\u00e9, loyaut\u00e9 et transparence : Le Propri\u00e9taire exigera toujours le consentement pour le traitement des donn\u00e9es personnelles, qui peut \u00eatre pour une ou plusieurs finalit\u00e9s sp\u00e9cifiques dont le Propri\u00e9taire informera l&rsquo;Utilisateur \u00e0 l&rsquo;avance avec une transparence absolue.<\/li><li>Principe de minimisation des donn\u00e9es : Le Titulaire ne demandera que les donn\u00e9es strictement n\u00e9cessaires \u00e0 la ou aux finalit\u00e9s demand\u00e9es.<\/li><li>Principe de limitation de la dur\u00e9e de conservation : Le Titulaire conservera les donn\u00e9es personnelles collect\u00e9es pendant la dur\u00e9e strictement n\u00e9cessaire \u00e0 la ou aux finalit\u00e9s du traitement. Le Propri\u00e9taire informera l&rsquo;Utilisateur de la dur\u00e9e de conservation correspondante en fonction de la finalit\u00e9.<\/li><li>Dans le cas d&rsquo;abonnements, le Titulaire r\u00e9visera p\u00e9riodiquement les listes et \u00e9liminera ces enregistrements inactifs pendant un temps consid\u00e9rable.<\/li><li>Principe d&rsquo;int\u00e9grit\u00e9 et de confidentialit\u00e9 : Les donn\u00e9es personnelles collect\u00e9es seront trait\u00e9es de mani\u00e8re \u00e0 garantir leur s\u00e9curit\u00e9, leur confidentialit\u00e9 et leur int\u00e9grit\u00e9.<\/li><\/ul>\n\n\n\n<p>Le Propri\u00e9taire prend les pr\u00e9cautions n\u00e9cessaires pour emp\u00eacher l&rsquo;acc\u00e8s non autoris\u00e9 ou l&rsquo;utilisation abusive des donn\u00e9es de ses utilisateurs par des tiers.<\/p>\n\n\n\n<ul class=\"wp-block-list\"><li><\/li><\/ul>\n\n\n\n<h2 class=\"wp-block-heading\">Obtention de donn\u00e9es personnelles<\/h2>\n\n\n\n<p>Pour naviguer sur le site, vous n&rsquo;avez pas besoin de fournir d&rsquo;informations personnelles.<\/p>\n\n\n\n<p>Les cas dans lesquels vous fournissez vos donn\u00e9es personnelles sont les suivants :<\/p>\n\n\n\n<ul class=\"wp-block-list\"><li>En contactant via les formulaires de contact ou en envoyant un email.<\/li><\/ul>\n\n\n\n<h2 class=\"wp-block-heading\">Droits<\/h2>\n\n\n\n<p>Le Propri\u00e9taire vous informe qu&rsquo;en ce qui concerne vos donn\u00e9es personnelles, vous avez le droit de :<\/p>\n\n\n\n<ul class=\"wp-block-list\"><li>Demander l&rsquo;acc\u00e8s aux donn\u00e9es stock\u00e9es.<\/li><li>Demander une rectification ou une annulation.<\/li><li>Demandez la limitation de votre traitement.<\/li><li>S&rsquo;opposer au traitement.<\/li><\/ul>\n\n\n\n<p>Vous ne pouvez pas exercer le droit \u00e0 la portabilit\u00e9 des donn\u00e9es.<\/p>\n\n\n\n<p>L&rsquo;exercice de ces droits est personnel et doit donc \u00eatre exerc\u00e9 directement par l&rsquo;int\u00e9ress\u00e9, en le demandant directement au propri\u00e9taire, ce qui signifie que tout client, abonn\u00e9 ou collaborateur qui a fourni ses donn\u00e9es \u00e0 tout moment, peut contacter le propri\u00e9taire et demander des informations sur les donn\u00e9es que vous avez stock\u00e9es et comment vous les avez obtenues, en demander la rectification, vous opposer au traitement, limiter son utilisation ou demander l&rsquo;annulation de ces donn\u00e9es dans les fichiers du Titulaire.<\/p>\n\n\n\n<p>Pour exercer vos droits, vous devez envoyer votre demande accompagn\u00e9e d&rsquo;une photocopie du document national d&rsquo;identit\u00e9 ou \u00e9quivalent \u00e0 l&rsquo;adresse e-mail:\u00a0info@productosrobles.es<\/p>\n\n\n\n<p>L&rsquo;exercice de ces droits n&rsquo;inclut aucune donn\u00e9e que le Titulaire est tenu de conserver \u00e0 des fins administratives, juridiques ou de s\u00e9curit\u00e9<\/p>\n\n\n\n<p>Vous avez le droit \u00e0 une protection juridictionnelle effective et \u00e0 d\u00e9poser une r\u00e9clamation aupr\u00e8s de l&rsquo;autorit\u00e9 de contr\u00f4le, en l&rsquo;occurrence l&rsquo;Agence espagnole de protection des donn\u00e9es, si vous estimez que le traitement des donn\u00e9es personnelles vous concernant viole le r\u00e8glement.<\/p>\n\n\n\n<h2 class=\"wp-block-heading\" id=\"finalidad-del-tratamiento-de-datos-personales\">Finalit\u00e9 du traitement des donn\u00e9es personnelles<\/h2>\n\n\n\n<p>Cuando usted se conecta al Sitio Web para manLorsque vous vous connectez au site Web pour envoyer un courrier \u00e9lectronique au propri\u00e9taire, vous vous abonnez \u00e0 leur newsletter, vous fournissez des informations personnelles dont le propri\u00e9taire est responsable. Ces informations peuvent inclure des donn\u00e9es personnelles telles que votre adresse IP, votre nom et pr\u00e9nom, votre adresse physique, votre adresse e-mail, votre num\u00e9ro de t\u00e9l\u00e9phone et d&rsquo;autres informations. En fournissant ces informations, vous consentez \u00e0 ce que vos informations soient collect\u00e9es, utilis\u00e9es, g\u00e9r\u00e9es et stock\u00e9es par &#8211; ovh &#8211; uniquement comme d\u00e9crit sur les pages :<\/p>\n\n\n\n<ul class=\"wp-block-list\"><li><a href=\"https:\/\/productosrobles.es\/fr\/mentions-legales\/\">Aviso Legal<\/a><\/li><li><a href=\"https:\/\/productosrobles.es\/fr\/politique-de-confidentialite\/\">Pol\u00edtica de Privacidad<\/a><\/li><\/ul>\n\n\n\n<p>Les donn\u00e9es personnelles et la finalit\u00e9 du traitement par le Titulaire sont diff\u00e9rentes selon le syst\u00e8me de captLes donn\u00e9es personnelles et la finalit\u00e9 du traitement par le Titulaire sont diff\u00e9rentes selon le syst\u00e8me de capture d&rsquo;informations ::<\/p>\n\n\n\n<ul class=\"wp-block-list\"><li>Formulaires de contact : Le Propri\u00e9taire demande des donn\u00e9es personnelles, parmi lesquelles : nom et pr\u00e9nom, adresse e-mail, num\u00e9ro de t\u00e9l\u00e9phone et adresse du site Web afin de r\u00e9pondre aux questions des Utilisateurs.<br>Par exemple, le propri\u00e9taire utilise ces donn\u00e9es pour r\u00e9pondre aux messages, doutes, plaintes, commentaires ou pr\u00e9occupations que les utilisateurs peuvent avoir concernant les informations incluses sur le site Web, le traitement des donn\u00e9es personnelles, les questions concernant les textes juridiques inclus sur le site Web, comme ainsi que toute autre question que l&rsquo;Utilisateur peut avoir et qui n&rsquo;est pas soumise aux conditions du Site.<\/li><\/ul>\n\n\n\n<p>Il existe d&rsquo;autres finalit\u00e9s pour lesquelles le Titulaire traite des donn\u00e9es personnelles<\/p>\n\n\n\n<ul class=\"wp-block-list\"><li>P<\/li><\/ul>\n\n\n\n<ul class=\"wp-block-list\"><li>Pour garantir le respect des conditions contenues dans la page Mentions l\u00e9gales et de la loi applicable. Cela peut inclure le d\u00e9veloppement d&rsquo;outils et d&rsquo;algorithmes qui aident le site Web \u00e0 garantir la confidentialit\u00e9 des donn\u00e9es personnelles qu&rsquo;il collecte.<\/li><li>Pour soutenir et am\u00e9liorer les services offerts par ce site Web.<\/li><li>Pour analyser la navigation des utilisateurs. Le Propri\u00e9taire collecte d&rsquo;autres donn\u00e9es non identifiantes obtenues gr\u00e2ce \u00e0 l&rsquo;utilisation de cookies qui sont t\u00e9l\u00e9charg\u00e9s sur l&rsquo;ordinateur de l&rsquo;Utilisateur lors de la navigation sur le Site Web, dont les caract\u00e9ristiques et la finalit\u00e9 sont d\u00e9taill\u00e9es sur la page Politique de cookies. <a href=\"https:\/\/productosrobles.es\/fr\/politique-de-cookies\/\">Pol\u00edtica de Cookies<\/a>.<\/li><\/ul>\n\n\n\n<h2 class=\"wp-block-heading\">S\u00e9curit\u00e9 des donn\u00e9es personnelles<\/h2>\n\n\n\n<p>Pour prot\u00e9ger vos donn\u00e9es personnelles, le Titulaire prend toutes les pr\u00e9cautions raisonnables et suit les meilleures pratiques du secteur pour \u00e9viter leur perte, utilisation abusive, acc\u00e8s inappropri\u00e9, divulgation, alt\u00e9ration ou destruction de celles-ci.<\/p>\n\n\n\n<p>Le site est h\u00e9berg\u00e9 chez : ovh. La s\u00e9curit\u00e9 des donn\u00e9es est garantie, car ils prennent toutes les mesures de s\u00e9curit\u00e9 n\u00e9cessaires pour cela. Vous pouvez consulter leur politique de confidentialit\u00e9 pour plus d&rsquo;informations.<\/p>\n\n\n\n<p>Le Propri\u00e9taire informe l&rsquo;Utilisateur que ses donn\u00e9es personnelles ne seront pas transf\u00e9r\u00e9es \u00e0 des organisations tierces, \u00e0 l&rsquo;exception du fait que ledit transfert de donn\u00e9es est couvert par une obligation l\u00e9gale ou lorsque la fourniture d&rsquo;un service implique la n\u00e9cessit\u00e9 d&rsquo;une relation contractuelle avec un responsable de traitement. Dans ce dernier cas, le transfert de donn\u00e9es au tiers ne sera effectu\u00e9 que lorsque le Propri\u00e9taire aura le consentement expr\u00e8s de l&rsquo;Utilisateur.<\/p>\n\n\n\n<p>Cependant, dans certains cas, des collaborations avec d&rsquo;autres professionnels peuvent \u00eatre r\u00e9alis\u00e9es, dans ces cas, le consentement sera requis de l&rsquo;Utilisateur informant de l&rsquo;identit\u00e9 du collaborateur et du but de la collaboration. Cela se fera toujours avec les normes de s\u00e9curit\u00e9 les plus strictes.<\/p>\n\n\n\n<h2 class=\"wp-block-heading\">Contenu provenant d&rsquo;autres sites Web<\/h2>\n\n\n\n<p>Les pages de ce site Web peuvent contenir des contenus int\u00e9gr\u00e9s (par exemple, des vid\u00e9os, des images, des articles, etc.). Le contenu int\u00e9gr\u00e9 d&rsquo;autres sites Web se comporte exactement de la m\u00eame mani\u00e8re que si vous aviez visit\u00e9 l&rsquo;autre site Web.<\/p>\n\n\n\n<p>Ces sites Web peuvent collecter des donn\u00e9es vous concernant, utiliser des cookies, int\u00e9grer un code de suivi tiers suppl\u00e9mentaire et surveiller votre interaction \u00e0 l&rsquo;aide de ce code.<\/p>\n\n\n\n<h2 class=\"wp-block-heading\">Politique de cookies<\/h2>\n\n\n\n<p>Pour que ce site Web fonctionne correctement, vous devez utiliser des cookies, qui sont des informations stock\u00e9es dans votre navigateur Web.<\/p>\n\n\n\n<p>Vous pouvez consulter toutes les informations concernant la politique de collecte et de traitement des cookies sur la page Politique de cookies.<\/p>\n\n\n\n<h2 class=\"wp-block-heading\">L\u00e9gitimation pour le traitement des donn\u00e9es<\/h2>\n\n\n\n<p>La base l\u00e9gale pour le traitement de vos donn\u00e9es est :<\/p>\n\n\n\n<p>Le consentement de l&rsquo;int\u00e9ress\u00e9.<\/p>\n\n\n\n<h2 class=\"wp-block-heading\">Cat\u00e9gories de donn\u00e9es personnelles<\/h2>\n\n\n\n<p>LLes cat\u00e9gories de donn\u00e9es personnelles trait\u00e9es par le Propri\u00e9taire sont :<\/p>\n\n\n\n<ul class=\"wp-block-list\"><li>Conservation des donn\u00e9es personnelles<\/li><li>Les donn\u00e9es personnelles fournies au Titulaire seront conserv\u00e9es jusqu&rsquo;\u00e0 ce qu&rsquo;il en demande la suppression.<\/li><\/ul>\n\n\n\n<h2 class=\"wp-block-heading\">Conservation des donn\u00e9es personnelles<\/h2>\n\n\n\n<p>Los datos personales proporcionados al Titular se conservar\u00e1n hLes donn\u00e9es personnelles fournies au Titulaire seront conserv\u00e9es jusqu&rsquo;\u00e0 ce qu&rsquo;il en demande la suppression.<\/p>\n\n\n\n<h2 class=\"wp-block-heading\">Navigation Web<\/h2>\n\n\n\n<p>Lors de la navigation sur le Site, des donn\u00e9es non identifiantes peuvent \u00eatre collect\u00e9es, notamment l&rsquo;adresse IP, la g\u00e9olocalisation, un enregistrement de l&rsquo;utilisation des services et des sites, les habitudes de navigation et d&rsquo;autres donn\u00e9es qui ne permettent pas de vous identifier.<\/p>\n\n\n\n<p>Le site Web utilise les services d&rsquo;analyse tiers suivants&nbsp;:<\/p>\n\n\n\n<p>Le Propri\u00e9taire utilise les informations obtenues pour obtenir des donn\u00e9es statistiques, analyser les tendances, administrer le site, \u00e9tudier les habitudes de navigation et collecter des informations d\u00e9mographiques.<\/p>\n\n\n\n<p>Le propri\u00e9taire n&rsquo;est pas responsable du traitement des donn\u00e9es personnelles effectu\u00e9 par les pages Web accessibles via les diff\u00e9rents liens contenus sur le site Web<\/p>\n\n\n\n<h2 class=\"wp-block-heading\">Exactitude et v\u00e9racit\u00e9 des donn\u00e9es personnelles<\/h2>\n\n\n\n<p>Vous vous engagez \u00e0 ce que les donn\u00e9es fournies au Titulaire soient correctes, compl\u00e8tes, exactes et \u00e0 jour, ainsi qu&rsquo;\u00e0 les tenir d\u00fbment mises \u00e0 jour.<\/p>\n\n\n\n<p>En tant qu&rsquo;utilisateur du site Web, vous \u00eates seul responsable de la v\u00e9racit\u00e9 et de l&rsquo;exactitude des donn\u00e9es envoy\u00e9es au site Web, exon\u00e9rant le propri\u00e9taire de toute responsabilit\u00e9 \u00e0 cet \u00e9gard.<\/p>\n\n\n\n<h2 class=\"wp-block-heading\">Acceptation et consentement<\/h2>\n\n\n\n<p>En tant qu&rsquo;utilisateur du site Web, vous d\u00e9clarez avoir \u00e9t\u00e9 inform\u00e9 des conditions de protection des donn\u00e9es personnelles, acceptez et consentez \u00e0 leur traitement par le propri\u00e9taire de la mani\u00e8re et aux fins indiqu\u00e9es dans la pr\u00e9sente politique de confidentialit\u00e9.<\/p>\n\n\n\n<p>Pour contacter le propri\u00e9taire, vous abonner \u00e0 une newsletter ou faire des commentaires sur ce site Web, vous devez accepter cette politique de confidentialit\u00e9.<\/p>\n\n\n\n<h2 class=\"wp-block-heading\">Modifications de la politique de confidentialit\u00e9<\/h2>\n\n\n\n<p>Le propri\u00e9taire se r\u00e9serve le droit de modifier cette politique de confidentialit\u00e9 pour l&rsquo;adapter \u00e0 la nouvelle l\u00e9gislation ou jurisprudence, ainsi qu&rsquo;aux pratiques de l&rsquo;industrie.<\/p>\n\n\n\n<p>Ces politiques seront en vigueur jusqu&rsquo;\u00e0 ce qu&rsquo;elles soient modifi\u00e9es par d&rsquo;autres d\u00fbment publi\u00e9es.<\/p>\n","protected":false},"excerpt":{"rendered":"<p>Le propri\u00e9taire vous informe de sa politique de confidentialit\u00e9 concernant le traitement et la protection des donn\u00e9es personnelles des utilisateurs qui peuvent \u00eatre collect\u00e9es lors de la navigation sur le site Web:\u00a0https:\/\/productosrobles.es En ce sens, le Titulaire garantit le respect de la r\u00e9glementation en vigueur sur la protection des donn\u00e9es personnelles, refl\u00e9t\u00e9e dans la loi &hellip;<\/p>\n<p class=\"read-more\"> <a class=\"\" href=\"https:\/\/productosrobles.es\/fr\/politique-de-confidentialite\/\"> <span class=\"screen-reader-text\">Politique de confidentialit\u00e9<\/span> Lire la suite\u00a0\u00bb<\/a><\/p>\n","protected":false},"author":1,"featured_media":0,"parent":0,"menu_order":0,"comment_status":"closed","ping_status":"closed","template":"","meta":{"site-sidebar-layout":"no-sidebar","site-content-layout":"page-builder","ast-global-header-display":"","ast-banner-title-visibility":"","ast-main-header-display":"","ast-hfb-above-header-display":"","ast-hfb-below-header-display":"","ast-hfb-mobile-header-display":"","site-post-title":"disabled","ast-breadcrumbs-content":"","ast-featured-img":"disabled","footer-sml-layout":"","theme-transparent-header-meta":"disabled","adv-header-id-meta":"","stick-header-meta":"","header-above-stick-meta":"","header-main-stick-meta":"","header-below-stick-meta":"","footnotes":""},"class_list":["post-1946","page","type-page","status-publish","hentry"],"jetpack_sharing_enabled":true,"_links":{"self":[{"href":"https:\/\/productosrobles.es\/fr\/wp-json\/wp\/v2\/pages\/1946","targetHints":{"allow":["GET"]}}],"collection":[{"href":"https:\/\/productosrobles.es\/fr\/wp-json\/wp\/v2\/pages"}],"about":[{"href":"https:\/\/productosrobles.es\/fr\/wp-json\/wp\/v2\/types\/page"}],"author":[{"embeddable":true,"href":"https:\/\/productosrobles.es\/fr\/wp-json\/wp\/v2\/users\/1"}],"replies":[{"embeddable":true,"href":"https:\/\/productosrobles.es\/fr\/wp-json\/wp\/v2\/comments?post=1946"}],"version-history":[{"count":3,"href":"https:\/\/productosrobles.es\/fr\/wp-json\/wp\/v2\/pages\/1946\/revisions"}],"predecessor-version":[{"id":1959,"href":"https:\/\/productosrobles.es\/fr\/wp-json\/wp\/v2\/pages\/1946\/revisions\/1959"}],"wp:attachment":[{"href":"https:\/\/productosrobles.es\/fr\/wp-json\/wp\/v2\/media?parent=1946"}],"curies":[{"name":"wp","href":"https:\/\/api.w.org\/{rel}","templated":true}]}}