{"id":1954,"date":"2021-08-10T16:02:35","date_gmt":"2021-08-10T16:02:35","guid":{"rendered":"https:\/\/productosrobles.es\/?page_id=1954"},"modified":"2021-08-10T16:03:35","modified_gmt":"2021-08-10T16:03:35","slug":"politique-de-cookies","status":"publish","type":"page","link":"https:\/\/productosrobles.es\/fr\/politique-de-cookies\/","title":{"rendered":"POLITIQUE DE COOKIES"},"content":{"rendered":"\n<p>Conform\u00e9ment \u00e0 l&rsquo;article 22 de la loi 34\/2002 du 11 juillet relative aux services de la soci\u00e9t\u00e9 de l&rsquo;information et au commerce \u00e9lectronique (LSSI), en relation avec le r\u00e8glement (UE) 2016\/679 du Parlement europ\u00e9en et du Conseil du 27 avril 2016 , Protection g\u00e9n\u00e9rale des donn\u00e9es (RGPD) et Loi organique 3\/2018, du 5 d\u00e9cembre, Protection des donn\u00e9es et garantie des droits num\u00e9riques (LOPDGDD), le Titulaire met \u00e0 la disposition des utilisateurs la Politique de collecte et de traitement des cookies du site.<\/p>\n\n\n\n<h2 class=\"wp-block-heading\">Que sont les cookies<\/h2>\n\n\n\n<p>Un cookie est un fichier qui est t\u00e9l\u00e9charg\u00e9 sur votre ordinateur lorsque vous acc\u00e9dez \u00e0 certaines pages Web. Les cookies permettent entre autres \u00e0 une page Web de stocker et de r\u00e9cup\u00e9rer des informations sur vos habitudes de navigation et selon les informations qu&rsquo;ils contiennent et la mani\u00e8re dont vous utilisez votre \u00e9quipement, ils peuvent \u00eatre utilis\u00e9s pour vous identifier..<\/p>\n\n\n\n<h2 class=\"wp-block-heading\">Cookies utilis\u00e9s sur le site<\/h2>\n\n\n\n<p>Les cookies utilis\u00e9s par le site https:\/\/productosrobles.es sont class\u00e9s ci-dessous :&nbsp;<a href=\"https:\/\/productosrobles.es\/fr\/politique-de-cookies\/\">https:\/\/productosrobles.es<\/a>:<\/p>\n\n\n\n<p><strong>Selon l&rsquo;entit\u00e9 qui les g\u00e8re<\/strong><\/p>\n\n\n\n<ul class=\"wp-block-list\"><li>Cookies propres : Ce sont ceux qui sont envoy\u00e9s et g\u00e9r\u00e9s directement par le Propri\u00e9taire.<\/li><\/ul>\n\n\n\n<p><strong>Selon son objectif<\/strong><\/p>\n\n\n\n<ul class=\"wp-block-list\"><li>Cookies techniques : Ce sont ceux qui permettent aux utilisateurs enregistr\u00e9s de naviguer sur le site Web, la zone restreinte et d&rsquo;utiliser ses diff\u00e9rentes fonctions, telles que le syst\u00e8me de commentaires ou le moteur de recherche..<\/li><li>Cookies de personnalisation : Ce sont ceux qui permettent aux utilisateurs d&rsquo;acc\u00e9der au Service avec certaines caract\u00e9ristiques g\u00e9n\u00e9rales pr\u00e9d\u00e9finies sur la base d&rsquo;une s\u00e9rie de crit\u00e8res \u00e9tablis par l&rsquo;Utilisateur, tels que la langue ou le type de navigateur via lequel il se connecte \u00e0 ce site Web.<\/li><\/ul>\n\n\n\n<p><strong>Selon sa dur\u00e9e<\/strong><\/p>\n\n\n\n<ul class=\"wp-block-list\"><li>Cookies de sesi\u00f3n: Son aquellas disCookies de session : Ce sont ceux destin\u00e9s \u00e0 collecter et \u00e0 stocker des donn\u00e9es pendant que l&rsquo;Utilisateur acc\u00e8de au site Internet.<\/li><li>Cookies persistants : Ce sont ceux dont les donn\u00e9es sont encore stock\u00e9es dans le terminal de l&rsquo;Utilisateur et peuvent \u00eatre consult\u00e9es et trait\u00e9es pendant une dur\u00e9e d\u00e9finie par le responsable du cookie.<\/li><\/ul>\n\n\n\n<p><\/p>\n\n\n\n<h2 class=\"wp-block-heading\">Liste des cookies utilis\u00e9s<\/h2>\n\n\n\n<p>Este sitio Web pCe site Web peut installer les cookies suivants :<\/p>\n\n\n\n<p><strong>Cookies techniques<\/strong><\/p>\n\n\n\n<ul class=\"wp-block-list\"><li><strong>wp-settings-{user_id}:<\/strong>Cookie technique qui est utilis\u00e9 pour maintenir la configuration de l&rsquo;utilisateur sur le bureau WordPress (\/wp-admin). Il est persistant et dure 1 an..<\/li><li><strong>hasConsent:<\/strong>&nbsp;Cookie technique qui stocke le consentement de l&rsquo;Utilisateur. Il est persistant et dure 1 an.<\/li><\/ul>\n\n\n\n<h2 class=\"wp-block-heading\">Acceptation ou refus de l&rsquo;installation de cookies<\/h2>\n\n\n\n<p>Le Propri\u00e9taire affiche des informations sur sa politique en mati\u00e8re de cookies dans la banni\u00e8re de cookies accessible sur toutes les pages du site Web. Le bandeau cookie affiche des informations essentielles sur le traitement des donn\u00e9es et permet \u00e0 l&rsquo;Utilisateur d&rsquo;effectuer les actions suivantes :<\/p>\n\n\n\n<ul class=\"wp-block-list\"><li>Accepter ou refuser l&rsquo;installation de cookies, ou retirer le consentement pr\u00e9c\u00e9demment accord\u00e9.<\/li><li>Cambiar las preferencias de cookies desde la p\u00e1gina Personalizar Cookies, a la que puede acceder desde el Aviso de Cookies o desde la p\u00e1gina de<\/li><\/ul>\n\n\n\n<p>Modifiez les pr\u00e9f\u00e9rences de cookies \u00e0 partir de la page Personnaliser les cookies, \u00e0 laquelle vous pouvez acc\u00e9der \u00e0 partir de l&rsquo;Avis sur les cookies ou \u00e0 partir de la page Personnaliser les cookies. <a href=\"https:\/\/productosrobles.es\/fr\/politique-de-cookies\/\">Personalizar Cookies<\/a><br>Obtenez des informations suppl\u00e9mentaires sur la page  <a href=\"https:\/\/productosrobles.es\/fr\/politique-de-cookies\/\">Pol\u00edtica de Cookies<\/a>. &nbsp;.<\/p>\n\n\n\n<p><\/p>\n\n\n\n<h2 class=\"wp-block-heading\">\u00c9limination des cookies<\/h2>\n\n\n\n<p>Vous pouvez accepter, bloquer ou supprimer les cookies install\u00e9s sur votre ordinateur en configurant les options de votre navigateur, mais gardez \u00e0 l&rsquo;esprit qu&rsquo;une partie du site ne fonctionnera pas correctement ou que certaines de ses fonctionnalit\u00e9s ne seront pas disponibles ou comporteront des erreurs.<\/p>\n\n\n\n<p>Dans les liens suivants, vous trouverez des instructions pour activer ou d\u00e9sactiver les cookies dans les navigateurs les plus courants<\/p>\n\n\n\n<ul class=\"wp-block-list\"><li><a rel=\"noreferrer noopener\" target=\"_blank\" href=\"http:\/\/support.mozilla.org\/es\/kb\/habilitar-y-deshabilitar-cookies-que-los-sitios-we\">Firefox<\/a><\/li><li><a target=\"_blank\" rel=\"noreferrer noopener\" href=\"https:\/\/support.google.com\/chrome\/answer\/95647?hl=es\">Google Chrome<\/a><\/li><li><a target=\"_blank\" rel=\"noreferrer noopener\" href=\"https:\/\/support.microsoft.com\/es-es\/help\/17442\/windows-internet-explorer-delete-manage-cookies#ie=%22ie-10\">Internet Explorer<\/a><\/li><li><a target=\"_blank\" rel=\"noreferrer noopener\" href=\"https:\/\/support.microsoft.com\/es-es\/help\/4468242\/microsoft-edge-browsing-data-and-privacy\">Microsoft Edge<\/a><\/li><li><a rel=\"noreferrer noopener\" target=\"_blank\" href=\"http:\/\/support.apple.com\/kb\/HT1677?viewlocale=es_ES\">Safari<\/a><\/li><\/ul>\n\n\n\n<h2 class=\"wp-block-heading\">Traitement des donn\u00e9es personnelles<\/h2>\n\n\n\n<p>El Le Propri\u00e9taire est le Responsable du traitement des donn\u00e9es personnelles de l&rsquo;utilisateur. Vous pouvez consulter toutes les informations concernant le traitement des donn\u00e9es personnelles que le Propri\u00e9taire collecte sur la page <a href=\"https:\/\/productosrobles.es\/fr\/politique-de-confidentialite\/\">Politique de confidentialit\u00e9<\/a>.<\/p>\n\n\n\n<h2 class=\"wp-block-heading\">Contact<\/h2>\n\n\n\n<p>Si vous avez des questions sur cette politique de cookies ou si vous souhaitez faire des commentaires sur ce site Web, vous pouvez envoyer un message \u00e0 l&rsquo;adresse e-mail : info@productosrobles.es<\/p>\n","protected":false},"excerpt":{"rendered":"<p>Conform\u00e9ment \u00e0 l&rsquo;article 22 de la loi 34\/2002 du 11 juillet relative aux services de la soci\u00e9t\u00e9 de l&rsquo;information et au commerce \u00e9lectronique (LSSI), en relation avec le r\u00e8glement (UE) 2016\/679 du Parlement europ\u00e9en et du Conseil du 27 avril 2016 , Protection g\u00e9n\u00e9rale des donn\u00e9es (RGPD) et Loi organique 3\/2018, du 5 d\u00e9cembre, Protection &hellip;<\/p>\n<p class=\"read-more\"> <a class=\"\" href=\"https:\/\/productosrobles.es\/fr\/politique-de-cookies\/\"> <span class=\"screen-reader-text\">POLITIQUE DE COOKIES<\/span> Lire la suite\u00a0\u00bb<\/a><\/p>\n","protected":false},"author":1,"featured_media":0,"parent":0,"menu_order":0,"comment_status":"closed","ping_status":"closed","template":"","meta":{"site-sidebar-layout":"default","site-content-layout":"default","ast-global-header-display":"","ast-banner-title-visibility":"","ast-main-header-display":"","ast-hfb-above-header-display":"","ast-hfb-below-header-display":"","ast-hfb-mobile-header-display":"","site-post-title":"","ast-breadcrumbs-content":"","ast-featured-img":"","footer-sml-layout":"","theme-transparent-header-meta":"default","adv-header-id-meta":"","stick-header-meta":"","header-above-stick-meta":"","header-main-stick-meta":"","header-below-stick-meta":"","footnotes":""},"class_list":["post-1954","page","type-page","status-publish","hentry"],"jetpack_sharing_enabled":true,"_links":{"self":[{"href":"https:\/\/productosrobles.es\/fr\/wp-json\/wp\/v2\/pages\/1954","targetHints":{"allow":["GET"]}}],"collection":[{"href":"https:\/\/productosrobles.es\/fr\/wp-json\/wp\/v2\/pages"}],"about":[{"href":"https:\/\/productosrobles.es\/fr\/wp-json\/wp\/v2\/types\/page"}],"author":[{"embeddable":true,"href":"https:\/\/productosrobles.es\/fr\/wp-json\/wp\/v2\/users\/1"}],"replies":[{"embeddable":true,"href":"https:\/\/productosrobles.es\/fr\/wp-json\/wp\/v2\/comments?post=1954"}],"version-history":[{"count":3,"href":"https:\/\/productosrobles.es\/fr\/wp-json\/wp\/v2\/pages\/1954\/revisions"}],"predecessor-version":[{"id":1957,"href":"https:\/\/productosrobles.es\/fr\/wp-json\/wp\/v2\/pages\/1954\/revisions\/1957"}],"wp:attachment":[{"href":"https:\/\/productosrobles.es\/fr\/wp-json\/wp\/v2\/media?parent=1954"}],"curies":[{"name":"wp","href":"https:\/\/api.w.org\/{rel}","templated":true}]}}