{"id":2278,"date":"2022-04-19T21:07:51","date_gmt":"2022-04-19T21:07:51","guid":{"rendered":"https:\/\/productosrobles.es\/producto\/huile-dolive-extra-vierge-plastique-5-l\/"},"modified":"2024-08-19T21:35:37","modified_gmt":"2024-08-19T21:35:37","slug":"huile-dolive-extra-vierge-plastique-5-l","status":"publish","type":"product","link":"https:\/\/productosrobles.es\/fr\/producto\/huile-dolive-extra-vierge-plastique-5-l\/","title":{"rendered":"Huile d&rsquo;olive extra vierge &#8211; Plastique 5 L"},"content":{"rendered":"","protected":false},"excerpt":{"rendered":"<p>Huile d&rsquo;olive vierge extra<br \/>\nFormat : Bouteille en plastique<br \/>\nTaille : 5L<br \/>\nComposition : M\u00e9lange de vari\u00e9t\u00e9s Cornicabra, Lechin et Arbequina<\/p>\n","protected":false},"featured_media":2279,"comment_status":"open","ping_status":"closed","template":"","meta":{"site-sidebar-layout":"default","site-content-layout":"default","ast-global-header-display":"","ast-banner-title-visibility":"","ast-main-header-display":"","ast-hfb-above-header-display":"","ast-hfb-below-header-display":"","ast-hfb-mobile-header-display":"","site-post-title":"","ast-breadcrumbs-content":"","ast-featured-img":"","footer-sml-layout":"","theme-transparent-header-meta":"default","adv-header-id-meta":"","stick-header-meta":"","header-above-stick-meta":"","header-main-stick-meta":"","header-below-stick-meta":""},"product_brand":[],"product_cat":[74],"product_tag":[],"class_list":{"0":"post-2278","1":"product","2":"type-product","3":"status-publish","4":"has-post-thumbnail","6":"product_cat-bouteille-dhuile-en-plastique","7":"desktop-align-left","8":"tablet-align-left","9":"mobile-align-left","11":"first","12":"instock","13":"taxable","14":"shipping-taxable","15":"purchasable","16":"product-type-simple"},"jetpack_sharing_enabled":true,"_links":{"self":[{"href":"https:\/\/productosrobles.es\/fr\/wp-json\/wp\/v2\/product\/2278","targetHints":{"allow":["GET"]}}],"collection":[{"href":"https:\/\/productosrobles.es\/fr\/wp-json\/wp\/v2\/product"}],"about":[{"href":"https:\/\/productosrobles.es\/fr\/wp-json\/wp\/v2\/types\/product"}],"replies":[{"embeddable":true,"href":"https:\/\/productosrobles.es\/fr\/wp-json\/wp\/v2\/comments?post=2278"}],"version-history":[{"count":1,"href":"https:\/\/productosrobles.es\/fr\/wp-json\/wp\/v2\/product\/2278\/revisions"}],"predecessor-version":[{"id":2603,"href":"https:\/\/productosrobles.es\/fr\/wp-json\/wp\/v2\/product\/2278\/revisions\/2603"}],"wp:featuredmedia":[{"embeddable":true,"href":"https:\/\/productosrobles.es\/fr\/wp-json\/wp\/v2\/media\/2279"}],"wp:attachment":[{"href":"https:\/\/productosrobles.es\/fr\/wp-json\/wp\/v2\/media?parent=2278"}],"wp:term":[{"taxonomy":"product_brand","embeddable":true,"href":"https:\/\/productosrobles.es\/fr\/wp-json\/wp\/v2\/product_brand?post=2278"},{"taxonomy":"product_cat","embeddable":true,"href":"https:\/\/productosrobles.es\/fr\/wp-json\/wp\/v2\/product_cat?post=2278"},{"taxonomy":"product_tag","embeddable":true,"href":"https:\/\/productosrobles.es\/fr\/wp-json\/wp\/v2\/product_tag?post=2278"}],"curies":[{"name":"wp","href":"https:\/\/api.w.org\/{rel}","templated":true}]}}